{"id":292,"date":"2023-03-10T23:58:34","date_gmt":"2023-03-10T22:58:34","guid":{"rendered":"https:\/\/csop10.bedesign.cz\/csop10\/?page_id=292"},"modified":"2023-03-11T00:01:07","modified_gmt":"2023-03-10T23:01:07","slug":"prohlaseni-o-pristupnosti","status":"publish","type":"page","link":"https:\/\/csop10.bedesign.cz\/csop10\/prohlaseni-o-pristupnosti\/","title":{"rendered":"Prohl\u00e1\u0161en\u00ed o p\u0159\u00edstupnosti"},"content":{"rendered":"\n<p>Centrum soci\u00e1ln\u00edch slu\u017eeb Prost\u011bjov, p. o.&nbsp;se zavazuje ke zp\u0159\u00edstupn\u011bn\u00ed obsahu sv\u00fdch internetov\u00fdch str\u00e1nek v souladu se z\u00e1konem \u010d. 99\/2019 Sb., o p\u0159\u00edstupnosti internetov\u00fdch str\u00e1nek a mobiln\u00edch aplikac\u00ed a o zm\u011bn\u011b z\u00e1kona \u010d. 365\/2000 Sb., o informa\u010dn\u00edch syst\u00e9mech ve\u0159ejn\u00e9 spr\u00e1vy a o zm\u011bn\u011b n\u011bkter\u00fdch dal\u0161\u00edch z\u00e1kon\u016f, ve zn\u011bn\u00ed pozd\u011bj\u0161\u00edch p\u0159edpis\u016f, kter\u00e9 prov\u00e1d\u011bj\u00ed sm\u011brnici Evropsk\u00e9ho parlamentu a Rady (EU) 2016\/2102.<\/p>\n\n\n\n<p>Toto prohl\u00e1\u0161en\u00ed o p\u0159\u00edstupnosti se vztahuje na internetov\u00e9 str\u00e1nky:\u00a0<a href=\"https:\/\/csop10.cz\/\">https:\/\/csop10.cz\/<\/a> <\/p>\n\n\n\n<h2 class=\"wp-block-heading\">Stav souladu<\/h2>\n\n\n\n<p>Tyto internetov\u00e9 str\u00e1nky jsou v souladu s v\u00fd\u0161e uveden\u00fdmi p\u0159edpisy a d\u00e1le s EN 301 549 V2 1.2 a standardem WCAG 2.1 s v\u00fdjimkami uveden\u00fdmi n\u00ed\u017ee.<\/p>\n\n\n\n<p>N\u011bkter\u00e9 dokumenty p\u0159ich\u00e1zej\u00ed pro uve\u0159ejn\u011bn\u00ed na web ji\u017e nep\u0159\u00edstupn\u00e9 (z jin\u00fdch \u00fa\u0159ad\u016f, vygenerovan\u00e9 \u00fa\u010detn\u00edm syst\u00e9mem apod.). Provozovatel webu m\u00e1 nicm\u00e9n\u011b povinnost je zve\u0159ejnit, tak\u017ee tak \u010din\u00ed. Podobn\u011b n\u011bkter\u00e1 star\u0161\u00ed fota \u010di fotoalba ve fotogaleri\u00edch postr\u00e1daj\u00ed alternativn\u00ed textov\u00fd popis. N\u011bkter\u00e1 videa vlo\u017een\u00e1 p\u0159\u00edmo na web mohou postr\u00e1dat titulky. Uveden\u00ed t\u011bchto nedostatk\u016f do souladu se z\u00e1konem a s pravidly p\u0159\u00edstupnosti by v tomto p\u0159\u00edpad\u011b bylo pro provozovatele finan\u010dn\u011b n\u00e1ro\u010dn\u00e9, tak\u017ee podle \u00a7 7 z\u00e1kona 99\/2019 Sb. toto nen\u00ed dodate\u010dn\u011b upravov\u00e1no.<\/p>\n\n\n\n<p>N\u011bkter\u00e9 informace na tomto webu jsou nab\u00edzeny v podob\u011b dokument\u016f form\u00e1tu PDF. Pro zobrazen\u00ed takov\u00fdch dokument\u016f je t\u0159eba m\u00edt nainstalovan\u00fd prohl\u00ed\u017ee\u010d Adobe Reader, kter\u00fd je zdarma ke sta\u017een\u00ed z internetov\u00e9ho serveru spole\u010dnosti Adobe. P\u0159\u00edpadn\u011b n\u011bkter\u00fd z alternativn\u00edch prohl\u00ed\u017ee\u010d\u016f (Foxit Reader, PDF-XChange Viewer a mnoho dal\u0161\u00edch). V\u011bt\u0161ina dokument\u016f ve form\u00e1tu PDF jde tak\u00e9 p\u0159\u00edmo zobrazit v b\u011b\u017en\u00fdch prohl\u00ed\u017ee\u010d\u00edch. D\u00e1le zde mohou b\u00fdt dokumenty ve form\u00e1tu MS Office, p\u0159\u00edpadn\u011b podobn\u00fdch kancel\u00e1\u0159sk\u00fdch aplikac\u00ed (ve form\u00e1tech .doc, .docx, .odt, .xls, .xlsx, .ods a podobn\u00fdch). Takov\u00e9to soubory dok\u00e1\u017ee zobrazit a editovat v\u011bt\u0161ina b\u011b\u017en\u011b pou\u017e\u00edvan\u00fdch textov\u00fdch editor\u016f (MS Office, Libre Office, Open Office). V n\u011bkter\u00fdch p\u0159\u00edpadech se mohou zobrazovat p\u0159\u00edmo v prohl\u00ed\u017ee\u010di v p\u0159\u00edstupn\u00e9 form\u011b.<\/p>\n\n\n\n<h2 class=\"wp-block-heading\">Vypracov\u00e1n\u00ed tohoto prohl\u00e1\u0161en\u00ed o p\u0159\u00edstupnosti<\/h2>\n\n\n\n<p>Toto prohl\u00e1\u0161en\u00ed bylo vypracov\u00e1no dne 10. 3. 2023<\/p>\n\n\n\n<p>Toto prohl\u00e1\u0161en\u00ed bylo vypracov\u00e1no posouzen\u00edm proveden\u00fdm t\u0159et\u00ed stranou \u2013 technick\u00fdm provozovatelem t\u011bchto internetov\u00fdch str\u00e1nek (spole\u010dnost\u00ed hi SEO, s.r.o.)\u00a0<\/p>\n\n\n\n<p>P\u0159i posuzov\u00e1n\u00ed se sledovala shoda s krit\u00e9rii uveden\u00fdmi v Metodick\u00e9m pokynu k z\u00e1konu \u010d. 99\/2019 Sb., ve zn\u011bn\u00ed pozd\u011bj\u0161\u00edch p\u0159edpis\u016f a standardu Web Content Accessibility Guidelines \u2013 WCAG 2.1.<\/p>\n\n\n\n<h2 class=\"wp-block-heading\">Zp\u011btn\u00e1 vazba a kontaktn\u00ed \u00fadaje<\/h2>\n\n\n\n<p>Va\u0161e n\u00e1m\u011bty \u010di informace o probl\u00e9mech p\u0159i zobrazov\u00e1n\u00ed str\u00e1nek, stejn\u011b jako dotazy, n\u00e1vrhy nebo p\u0159ipom\u00ednky t\u00fdkaj\u00edc\u00ed se obsahu webu \u010di d\u016fvodn\u00e9ho podez\u0159en\u00ed, \u017ee webov\u00e1 str\u00e1nka nespl\u0148uje po\u017eadavky z\u00e1kona \u010d. 99\/2019 Sb., ve zn\u011bn\u00ed pozd\u011bj\u0161\u00edch p\u0159edpis\u016f, v\u010detn\u011b mo\u017enosti podat podn\u011bt v\u016f\u010di p\u0159\u00edslu\u0161n\u00fdm st\u00e1tn\u00edm org\u00e1n\u016fm, m\u016f\u017eete ps\u00e1t na adresu:\u00a0reditel@csop10.cz <\/p>\n\n\n\n<h2 class=\"wp-block-heading\">Postup pro prosazov\u00e1n\u00ed pr\u00e1va<\/h2>\n\n\n\n<p>V p\u0159\u00edpad\u011b neuspokojiv\u00e9 odpov\u011bdi na zp\u011btnou vazbu dle p\u0159edchoz\u00edho odstavce, m\u016f\u017eete kontaktovat p\u0159\u00edslu\u0161n\u00fd org\u00e1n pro prosazov\u00e1n\u00ed pr\u00e1va:<br>Ministerstvo vnitra, odbor eGovernmentu<br>n\u00e1m\u011bst\u00ed Hrdin\u016f 1634\/3, 140 21 Praha 4<br>email: pristupnost@mvcr.cz<\/p>\n","protected":false},"excerpt":{"rendered":"<p>Centrum soci\u00e1ln\u00edch slu\u017eeb Prost\u011bjov, p. o.&nbsp;se zavazuje ke zp\u0159\u00edstupn\u011bn\u00ed obsahu sv\u00fdch internetov\u00fdch str\u00e1nek v souladu se z\u00e1konem \u010d. 99\/2019 Sb., o p\u0159\u00edstupnosti internetov\u00fdch str\u00e1nek a mobiln\u00edch aplikac\u00ed a o zm\u011bn\u011b z\u00e1kona \u010d. 365\/2000 Sb., o informa\u010dn\u00edch syst\u00e9mech ve\u0159ejn\u00e9 spr\u00e1vy a o zm\u011bn\u011b n\u011bkter\u00fdch dal\u0161\u00edch z\u00e1kon\u016f, ve zn\u011bn\u00ed pozd\u011bj\u0161\u00edch p\u0159edpis\u016f, kter\u00e9 prov\u00e1d\u011bj\u00ed sm\u011brnici Evropsk\u00e9ho parlamentu a [&hellip;]<\/p>\n","protected":false},"author":1,"featured_media":0,"parent":0,"menu_order":0,"comment_status":"closed","ping_status":"closed","template":"","meta":{"footnotes":""},"class_list":["post-292","page","type-page","status-publish","hentry"],"_links":{"self":[{"href":"https:\/\/csop10.bedesign.cz\/csop10\/wp-json\/wp\/v2\/pages\/292","targetHints":{"allow":["GET"]}}],"collection":[{"href":"https:\/\/csop10.bedesign.cz\/csop10\/wp-json\/wp\/v2\/pages"}],"about":[{"href":"https:\/\/csop10.bedesign.cz\/csop10\/wp-json\/wp\/v2\/types\/page"}],"author":[{"embeddable":true,"href":"https:\/\/csop10.bedesign.cz\/csop10\/wp-json\/wp\/v2\/users\/1"}],"replies":[{"embeddable":true,"href":"https:\/\/csop10.bedesign.cz\/csop10\/wp-json\/wp\/v2\/comments?post=292"}],"version-history":[{"count":3,"href":"https:\/\/csop10.bedesign.cz\/csop10\/wp-json\/wp\/v2\/pages\/292\/revisions"}],"predecessor-version":[{"id":295,"href":"https:\/\/csop10.bedesign.cz\/csop10\/wp-json\/wp\/v2\/pages\/292\/revisions\/295"}],"wp:attachment":[{"href":"https:\/\/csop10.bedesign.cz\/csop10\/wp-json\/wp\/v2\/media?parent=292"}],"curies":[{"name":"wp","href":"https:\/\/api.w.org\/{rel}","templated":true}]}}