{"id":1209,"date":"2024-11-14T10:07:22","date_gmt":"2024-11-14T09:07:22","guid":{"rendered":"https:\/\/csop10.bedesign.cz\/csop10\/?page_id=1209"},"modified":"2025-02-20T13:52:40","modified_gmt":"2025-02-20T12:52:40","slug":"vedeni-organizace","status":"publish","type":"page","link":"https:\/\/csop10.bedesign.cz\/csop10\/vedeni-organizace\/","title":{"rendered":"VEDEN\u00cd ORGANIZACE"},"content":{"rendered":"\t\t<div data-elementor-type=\"wp-page\" data-elementor-id=\"1209\" class=\"elementor elementor-1209\" data-elementor-post-type=\"page\">\n\t\t\t\t<div class=\"elementor-element elementor-element-10eed97 e-flex e-con-boxed e-con e-parent\" data-id=\"10eed97\" data-element_type=\"container\">\n\t\t\t\t\t<div class=\"e-con-inner\">\n\t\t\t\t<div class=\"elementor-element elementor-element-2a74463 elementor-widget elementor-widget-text-editor\" data-id=\"2a74463\" data-element_type=\"widget\" data-widget_type=\"text-editor.default\">\n\t\t\t\t<div class=\"elementor-widget-container\">\n\t\t\t\t\t\t\t\t\t<p style=\"text-align: center;\">Adresa: S\u00e1mova 7, 101 00 Praha 10 &#8211; Vr\u0161ovice<\/p><p style=\"text-align: center;\">Telefon recepce: 271 746\u00a0720<\/p>\t\t\t\t\t\t\t\t<\/div>\n\t\t\t\t<\/div>\n\t\t\t\t<div class=\"elementor-element elementor-element-0b1dbc6 elementor-widget elementor-widget-google_maps\" data-id=\"0b1dbc6\" data-element_type=\"widget\" data-widget_type=\"google_maps.default\">\n\t\t\t\t<div class=\"elementor-widget-container\">\n\t\t\t\t\t\t\t<div class=\"elementor-custom-embed\">\n\t\t\t<iframe loading=\"lazy\"\n\t\t\t\t\tsrc=\"https:\/\/maps.google.com\/maps?q=S%C3%A1mova%207%2C%20101%2000%20Praha%2010%20-%20Vr%C5%A1ovice&#038;t=m&#038;z=15&#038;output=embed&#038;iwloc=near\"\n\t\t\t\t\ttitle=\"S\u00e1mova 7, 101 00 Praha 10 - Vr\u0161ovice\"\n\t\t\t\t\taria-label=\"S\u00e1mova 7, 101 00 Praha 10 - Vr\u0161ovice\"\n\t\t\t><\/iframe>\n\t\t<\/div>\n\t\t\t\t\t\t<\/div>\n\t\t\t\t<\/div>\n\t\t\t\t<div class=\"elementor-element elementor-element-0d60f85 elementor-widget elementor-widget-text-editor\" data-id=\"0d60f85\" data-element_type=\"widget\" data-widget_type=\"text-editor.default\">\n\t\t\t\t<div class=\"elementor-widget-container\">\n\t\t\t\t\t\t\t\t\t<p style=\"text-align: center;\"><strong>\u0158editelstv\u00ed:<\/strong><\/p>\n<p style=\"text-align: center;\">Pov\u011b\u0159en\u00e1 \u0159\u00edzen\u00edm organizace<\/p>\n<p style=\"text-align: center;\">Eva Lexov\u00e1<\/p>\n<p style=\"text-align: center;\">tel.: 271 747 149<\/p>\n<p style=\"text-align: center;\">e-mail: <a href=\"mailto:reditel@csop10.cz\">reditel@csop10.cz<\/a><\/p>\n<p style=\"text-align: center;\">Asistentka<\/p>\n<p style=\"text-align: center;\">Monika Kakosov\u00e1<\/p>\n<p style=\"text-align: center;\">tel.: 271 747 149<\/p>\n<p style=\"text-align: center;\">mob.: 733 734 670<\/p>\n<p style=\"text-align: center;\">e-mail: <a href=\"mailto:asistentka@csop10.cz\">asistentka@csop10.cz<\/a><\/p><p style=\"text-align: center;\"><br><\/p>\n<p style=\"text-align: center;\"><strong>Vedouc\u00ed sekce soci\u00e1ln\u00edch a zdravotn\u00edch slu\u017eeb<\/strong><\/p>\n<p style=\"text-align: center;\">Bc. Martina Belejov\u00e1<\/p>\n<p style=\"text-align: center;\">adresa: Zvonkov\u00e1 2902\/6, 106 00 Praha 10 \u2013 Zahradn\u00ed M\u011bsto<\/p>\n<p style=\"text-align: center;\">tel.: 272 173 078<\/p>\n<p style=\"text-align: center;\">mob.: 733 643 958<\/p>\n<p style=\"text-align: center;\">e-mail: <a href=\"mailto:vedoucisekce@csop10.cz\">vedoucisekce@csop10.cz<\/a><\/p><p style=\"text-align: center;\"><br><\/p>\n<p style=\"text-align: center;\"><strong>Vedouc\u00ed ekonomick\u00e9 sekce<\/strong><\/p>\n<p style=\"text-align: center;\">Ing. Eva Z\u00e1rybnick\u00e1<\/p>\n<p style=\"text-align: center;\">tel.: 271 746 711<\/p>\n<p style=\"text-align: center;\">e-mail: <a href=\"mailto:vedoucies@csop10.cz\">vedoucies@csop10.cz<\/a><\/p><p style=\"text-align: center;\"><br><\/p>\n<p style=\"text-align: center;\"><strong>Mana\u017eer stravovac\u00edho provozu<\/strong><\/p>\n<p style=\"text-align: center;\">Miroslav Bene\u0161<\/p>\n<p style=\"text-align: center;\">tel.: 277 001 207<\/p>\n<p style=\"text-align: center;\">mob.: 733 643&nbsp;976<\/p>\n<p style=\"text-align: center;\">e-mail: <a href=\"mailto:benes@csop10.cz\">benes@csop10.cz<\/a><\/p><p style=\"text-align: center;\"><br><\/p>\n<p style=\"text-align: center;\"><strong>Metodik kvality soci\u00e1ln\u00edch slu\u017eeb<\/strong><\/p>\n<p style=\"text-align: center;\">Mgr. \u0160etelov\u00e1 Du\u0161kov\u00e1 Kate\u0159ina<\/p>\n<p style=\"text-align: center;\">adresa: Zvonkov\u00e1 2902\/6, 106 00 Praha 10 \u2013 Zahradn\u00ed M\u011bsto<\/p>\n<p style=\"text-align: center;\">tel.: 277 011 712<\/p>\n<p style=\"text-align: center;\">mob.: 702 255 652<\/p>\n<p style=\"text-align: center;\">e-mail: <a href=\"mailto:metodik@csop10.cz\">metodik@csop10.cz<\/a><\/p><p style=\"text-align: center;\"><br><\/p>\n<p style=\"text-align: center;\"><strong>Hlavn\u00ed \u00fa\u010detn\u00ed<\/strong><\/p>\n<p style=\"text-align: center;\">Jana Dale\u0161ick\u00e1<\/p>\n<p style=\"text-align: center;\">tel.: 272 173 008<\/p>\n<p style=\"text-align: center;\">mob.: 778 521 895<\/p>\n<p style=\"text-align: center;\">e-mail: <a href=\"mailto:dalesicka@csop10.cz\">dalesicka@csop10.cz<\/a><strong style=\"color: var( --e-global-color-text ); font-family: var( --e-global-typography-text-font-family ), Sans-serif;\">&nbsp;<\/strong><\/p><p style=\"text-align: center;\"><strong style=\"color: var( --e-global-color-text ); font-family: var( --e-global-typography-text-font-family ), Sans-serif;\"><br><\/strong><\/p>\n<p style=\"text-align: center;\"><strong>Vedouc\u00ed provozn\u011b-technick\u00e9ho odd\u011blen\u00ed<\/strong><\/p>\n<p style=\"text-align: center;\">Roland Berauer<\/p>\n<p style=\"text-align: center;\">tel.: 271 746 725<\/p>\n<p style=\"text-align: center;\">e-mail: <a href=\"mailto:berauer@csop10.cz\">berauer@csop10.cz<\/a><\/p><p style=\"text-align: center;\"><br><\/p>\n<p style=\"text-align: center;\"><strong>Person\u00e1ln\u00ed a mzdov\u00fd \u00fasek:<\/strong><\/p>\n<p style=\"text-align: center;\">Mzdov\u00e1 \u00fa\u010detn\u00ed<\/p>\n<p style=\"text-align: center;\">tel.: 272 173 079<\/p>\n<p style=\"text-align: center;\">mob.: 272 173 032<\/p>\n<p style=\"text-align: center;\">e-mail: <a href=\"mailto:personalni@csop10.cz\">personalni@csop10.cz<\/a><\/p>\n<p style=\"text-align: center;\">Personalistka<\/p>\n<p style=\"text-align: center;\">Barbora Koldov\u00e1, DiS.<\/p>\n<p style=\"text-align: center;\">tel.: 272 173 079<\/p>\n<p style=\"text-align: center;\">mob.: 778 710 592<\/p>\n<p style=\"text-align: center;\">e-mail: <a href=\"mailto:personalni@csop10.cz\">personalni@csop10.cz<\/a><\/p>\n<p style=\"text-align: center;\">Personalistka<\/p>\n<p style=\"text-align: center;\">Daniela Strieglov\u00e1<\/p>\n<p style=\"text-align: center;\">tel.: 272 173 032<\/p>\n<p style=\"text-align: center;\">mob.: 722 963 142<\/p>\n<p style=\"text-align: center;\">e-mail: <a href=\"mailto:personalni1@csop10.cz\">personalni1@csop10.cz<\/a><\/p>\n<p style=\"text-align: center;\">\n<\/p>\t\t\t\t\t\t\t\t<\/div>\n\t\t\t\t<\/div>\n\t\t\t\t\t<\/div>\n\t\t\t\t<\/div>\n\t\t\t\t<\/div>\n\t\t","protected":false},"excerpt":{"rendered":"<p>Adresa: S\u00e1mova 7, 101 00 Praha 10 &#8211; Vr\u0161ovice Telefon recepce: 271 746\u00a0720 \u0158editelstv\u00ed: Pov\u011b\u0159en\u00e1 \u0159\u00edzen\u00edm organizace Eva Lexov\u00e1 tel.: 271 747 149 e-mail: reditel@csop10.cz Asistentka Monika Kakosov\u00e1 tel.: 271 747 149 mob.: 733 734 670 e-mail: asistentka@csop10.cz Vedouc\u00ed sekce soci\u00e1ln\u00edch a zdravotn\u00edch slu\u017eeb Bc. Martina Belejov\u00e1 adresa: Zvonkov\u00e1 2902\/6, 106 00 Praha 10 \u2013 [&hellip;]<\/p>\n","protected":false},"author":1,"featured_media":0,"parent":0,"menu_order":0,"comment_status":"closed","ping_status":"closed","template":"","meta":{"footnotes":""},"class_list":["post-1209","page","type-page","status-publish","hentry"],"_links":{"self":[{"href":"https:\/\/csop10.bedesign.cz\/csop10\/wp-json\/wp\/v2\/pages\/1209","targetHints":{"allow":["GET"]}}],"collection":[{"href":"https:\/\/csop10.bedesign.cz\/csop10\/wp-json\/wp\/v2\/pages"}],"about":[{"href":"https:\/\/csop10.bedesign.cz\/csop10\/wp-json\/wp\/v2\/types\/page"}],"author":[{"embeddable":true,"href":"https:\/\/csop10.bedesign.cz\/csop10\/wp-json\/wp\/v2\/users\/1"}],"replies":[{"embeddable":true,"href":"https:\/\/csop10.bedesign.cz\/csop10\/wp-json\/wp\/v2\/comments?post=1209"}],"version-history":[{"count":7,"href":"https:\/\/csop10.bedesign.cz\/csop10\/wp-json\/wp\/v2\/pages\/1209\/revisions"}],"predecessor-version":[{"id":1423,"href":"https:\/\/csop10.bedesign.cz\/csop10\/wp-json\/wp\/v2\/pages\/1209\/revisions\/1423"}],"wp:attachment":[{"href":"https:\/\/csop10.bedesign.cz\/csop10\/wp-json\/wp\/v2\/media?parent=1209"}],"curies":[{"name":"wp","href":"https:\/\/api.w.org\/{rel}","templated":true}]}}