{"id":1208,"date":"2024-11-14T10:07:15","date_gmt":"2024-11-14T09:07:15","guid":{"rendered":"https:\/\/csop10.bedesign.cz\/csop10\/?page_id=1208"},"modified":"2025-01-13T23:27:22","modified_gmt":"2025-01-13T22:27:22","slug":"verejni-opatrovnici-2","status":"publish","type":"page","link":"https:\/\/csop10.bedesign.cz\/csop10\/verejni-opatrovnici-2\/","title":{"rendered":"VE\u0158EJN\u00cd OPATROVN\u00cdCI"},"content":{"rendered":"\t\t<div data-elementor-type=\"wp-page\" data-elementor-id=\"1208\" class=\"elementor elementor-1208\" data-elementor-post-type=\"page\">\n\t\t\t\t<div class=\"elementor-element elementor-element-5a2bb88 e-flex e-con-boxed e-con e-parent\" data-id=\"5a2bb88\" data-element_type=\"container\">\n\t\t\t\t\t<div class=\"e-con-inner\">\n\t\t\t\t<div class=\"elementor-element elementor-element-5d9d227 elementor-widget elementor-widget-text-editor\" data-id=\"5d9d227\" data-element_type=\"widget\" data-widget_type=\"text-editor.default\">\n\t\t\t\t<div class=\"elementor-widget-container\">\n\t\t\t\t\t\t\t\t\t<p style=\"text-align: center;\">Adresa: U nov\u00fdch vil 943\/28, 100 00 Praha 10 \u2013 Stra\u0161nice<\/p>\t\t\t\t\t\t\t\t<\/div>\n\t\t\t\t<\/div>\n\t\t\t\t<div class=\"elementor-element elementor-element-9832193 elementor-widget elementor-widget-google_maps\" data-id=\"9832193\" data-element_type=\"widget\" data-widget_type=\"google_maps.default\">\n\t\t\t\t<div class=\"elementor-widget-container\">\n\t\t\t\t\t\t\t<div class=\"elementor-custom-embed\">\n\t\t\t<iframe loading=\"lazy\"\n\t\t\t\t\tsrc=\"https:\/\/maps.google.com\/maps?q=U%20nov%C3%BDch%20vil%20943%2F28%2C%20100%2000%20Praha%2010%20%E2%80%93%20Stra%C5%A1nice&#038;t=m&#038;z=15&#038;output=embed&#038;iwloc=near\"\n\t\t\t\t\ttitle=\"U nov\u00fdch vil 943\/28, 100 00 Praha 10 \u2013 Stra\u0161nice\"\n\t\t\t\t\taria-label=\"U nov\u00fdch vil 943\/28, 100 00 Praha 10 \u2013 Stra\u0161nice\"\n\t\t\t><\/iframe>\n\t\t<\/div>\n\t\t\t\t\t\t<\/div>\n\t\t\t\t<\/div>\n\t\t\t\t<div class=\"elementor-element elementor-element-1474f3a elementor-widget elementor-widget-text-editor\" data-id=\"1474f3a\" data-element_type=\"widget\" data-widget_type=\"text-editor.default\">\n\t\t\t\t<div class=\"elementor-widget-container\">\n\t\t\t\t\t\t\t\t\t<p style=\"text-align: center;\"><strong>Kontakty na ve\u0159ejn\u00e9 opatrovn\u00edky:<\/strong><\/p><p style=\"text-align: center;\">Helena Bro\u017e\u00edkov\u00e1<\/p><p style=\"text-align: center;\">tel.: 271 746 715<\/p><p style=\"text-align: center;\">mob.: 734 441 478<\/p><p style=\"text-align: center;\">e-mail: <a href=\"mailto:brozikova@csop10.cz\">brozikova@csop10.cz<\/a><\/p><p style=\"text-align: center;\">\u00a0<\/p><p style=\"text-align: center;\">Iva Lov\u011bt\u00ednsk\u00e1<\/p><p style=\"text-align: center;\">tel.: 277 000 440<\/p><p style=\"text-align: center;\">mob.: 734 441 477<\/p><p style=\"text-align: center;\">e-mail: <a href=\"mailto:lovetinska@csop10.cz\">lovetinska@csop10.cz<\/a><\/p><p style=\"text-align: center;\">\u00a0<\/p><p style=\"text-align: center;\">Mgr. Alexandr Vorel<\/p><p style=\"text-align: center;\">tel.: 277 011 706<\/p><p style=\"text-align: center;\">mob.: 603 160 790<\/p><p style=\"text-align: center;\">e-mail: <a href=\"mailto:vorel@csop10.cz\">vorel@csop10.cz<\/a><\/p>\t\t\t\t\t\t\t\t<\/div>\n\t\t\t\t<\/div>\n\t\t\t\t\t<\/div>\n\t\t\t\t<\/div>\n\t\t\t\t<\/div>\n\t\t","protected":false},"excerpt":{"rendered":"<p>Adresa: U nov\u00fdch vil 943\/28, 100 00 Praha 10 \u2013 Stra\u0161nice Kontakty na ve\u0159ejn\u00e9 opatrovn\u00edky: Helena Bro\u017e\u00edkov\u00e1 tel.: 271 746 715 mob.: 734 441 478 e-mail: brozikova@csop10.cz \u00a0 Iva Lov\u011bt\u00ednsk\u00e1 tel.: 277 000 440 mob.: 734 441 477 e-mail: lovetinska@csop10.cz \u00a0 Mgr. Alexandr Vorel tel.: 277 011 706 mob.: 603 160 790 e-mail: vorel@csop10.cz<\/p>\n","protected":false},"author":1,"featured_media":0,"parent":0,"menu_order":0,"comment_status":"closed","ping_status":"closed","template":"","meta":{"footnotes":""},"class_list":["post-1208","page","type-page","status-publish","hentry"],"_links":{"self":[{"href":"https:\/\/csop10.bedesign.cz\/csop10\/wp-json\/wp\/v2\/pages\/1208","targetHints":{"allow":["GET"]}}],"collection":[{"href":"https:\/\/csop10.bedesign.cz\/csop10\/wp-json\/wp\/v2\/pages"}],"about":[{"href":"https:\/\/csop10.bedesign.cz\/csop10\/wp-json\/wp\/v2\/types\/page"}],"author":[{"embeddable":true,"href":"https:\/\/csop10.bedesign.cz\/csop10\/wp-json\/wp\/v2\/users\/1"}],"replies":[{"embeddable":true,"href":"https:\/\/csop10.bedesign.cz\/csop10\/wp-json\/wp\/v2\/comments?post=1208"}],"version-history":[{"count":4,"href":"https:\/\/csop10.bedesign.cz\/csop10\/wp-json\/wp\/v2\/pages\/1208\/revisions"}],"predecessor-version":[{"id":1395,"href":"https:\/\/csop10.bedesign.cz\/csop10\/wp-json\/wp\/v2\/pages\/1208\/revisions\/1395"}],"wp:attachment":[{"href":"https:\/\/csop10.bedesign.cz\/csop10\/wp-json\/wp\/v2\/media?parent=1208"}],"curies":[{"name":"wp","href":"https:\/\/api.w.org\/{rel}","templated":true}]}}