{"id":1207,"date":"2024-11-14T10:07:08","date_gmt":"2024-11-14T09:07:08","guid":{"rendered":"https:\/\/csop10.bedesign.cz\/csop10\/?page_id=1207"},"modified":"2025-01-13T23:25:54","modified_gmt":"2025-01-13T22:25:54","slug":"kluby-pro-seniory-2","status":"publish","type":"page","link":"https:\/\/csop10.bedesign.cz\/csop10\/kluby-pro-seniory-2\/","title":{"rendered":"KLUBY PRO SENIORY"},"content":{"rendered":"\t\t<div data-elementor-type=\"wp-page\" data-elementor-id=\"1207\" class=\"elementor elementor-1207\" data-elementor-post-type=\"page\">\n\t\t\t\t<div class=\"elementor-element elementor-element-8da08c1 e-flex e-con-boxed e-con e-parent\" data-id=\"8da08c1\" data-element_type=\"container\">\n\t\t\t\t\t<div class=\"e-con-inner\">\n\t\t\t\t<div class=\"elementor-element elementor-element-355d31a elementor-widget elementor-widget-text-editor\" data-id=\"355d31a\" data-element_type=\"widget\" data-widget_type=\"text-editor.default\">\n\t\t\t\t<div class=\"elementor-widget-container\">\n\t\t\t\t\t\t\t\t\t<p style=\"text-align: center;\"><strong>Kontakt pro z\u00e1jemce o informace o klubech pro seniory, rekreac\u00edch a z\u00e1jezdech:<\/strong><\/p><p style=\"text-align: center;\">Vedouc\u00ed Klub\u016f pro seniory<\/p><p style=\"text-align: center;\">Eva Greplov\u00e1<\/p><p style=\"text-align: center;\">adresa: Na Lou\u017ei 19, 101 00 Praha 10 \u2013 Vr\u0161ovice<\/p><p style=\"text-align: center;\">tel.: 277 011 710<\/p><p style=\"text-align: center;\">mob.: 733 643 970<\/p><p style=\"text-align: center;\">e-mail: <a href=\"mailto:klubovavedouci@csop10.cz\">klubovavedouci@csop10.cz<\/a><\/p>\t\t\t\t\t\t\t\t<\/div>\n\t\t\t\t<\/div>\n\t\t\t\t<div class=\"elementor-element elementor-element-7366b79 elementor-widget elementor-widget-google_maps\" data-id=\"7366b79\" data-element_type=\"widget\" data-widget_type=\"google_maps.default\">\n\t\t\t\t<div class=\"elementor-widget-container\">\n\t\t\t\t\t\t\t<div class=\"elementor-custom-embed\">\n\t\t\t<iframe loading=\"lazy\"\n\t\t\t\t\tsrc=\"https:\/\/maps.google.com\/maps?q=Na%20Lou%C5%BEi%2019%2C%20101%2000%20Praha%2010%20%E2%80%93%20Vr%C5%A1ovice&#038;t=m&#038;z=15&#038;output=embed&#038;iwloc=near\"\n\t\t\t\t\ttitle=\"Na Lou\u017ei 19, 101 00 Praha 10 \u2013 Vr\u0161ovice\"\n\t\t\t\t\taria-label=\"Na Lou\u017ei 19, 101 00 Praha 10 \u2013 Vr\u0161ovice\"\n\t\t\t><\/iframe>\n\t\t<\/div>\n\t\t\t\t\t\t<\/div>\n\t\t\t\t<\/div>\n\t\t\t\t\t<\/div>\n\t\t\t\t<\/div>\n\t\t<div class=\"elementor-element elementor-element-0c0611f e-flex e-con-boxed e-con e-parent\" data-id=\"0c0611f\" data-element_type=\"container\">\n\t\t\t\t\t<div class=\"e-con-inner\">\n\t\t\t\t<div class=\"elementor-element elementor-element-cb09de4 elementor-widget elementor-widget-text-editor\" data-id=\"cb09de4\" data-element_type=\"widget\" data-widget_type=\"text-editor.default\">\n\t\t\t\t<div class=\"elementor-widget-container\">\n\t\t\t\t\t\t\t\t\t<h2 style=\"text-align: center;\"><span style=\"color: #ff0000;\"><strong>Kontakty na jednotliv\u00e9 kluby:<\/strong><\/span><\/h2><p style=\"text-align: center;\"><strong>Klub senior\u016f Karpatsk\u00e1:<\/strong><\/p><p style=\"text-align: center;\">adresa: Karpatsk\u00e1 19, 101 00 Praha 10 \u2013 Vr\u0161ovice<\/p><p style=\"text-align: center;\">kontaktn\u00ed osoba: Jaroslava Tich\u00e1<\/p><p style=\"text-align: center;\">mob.: 773 747 021<\/p>\t\t\t\t\t\t\t\t<\/div>\n\t\t\t\t<\/div>\n\t\t\t\t<div class=\"elementor-element elementor-element-2c4cf5d elementor-widget elementor-widget-google_maps\" data-id=\"2c4cf5d\" data-element_type=\"widget\" data-widget_type=\"google_maps.default\">\n\t\t\t\t<div class=\"elementor-widget-container\">\n\t\t\t\t\t\t\t<div class=\"elementor-custom-embed\">\n\t\t\t<iframe loading=\"lazy\"\n\t\t\t\t\tsrc=\"https:\/\/maps.google.com\/maps?q=Karpatsk%C3%A1%2019%2C%20101%2000%20Praha%2010%20%E2%80%93%20Vr%C5%A1ovice&#038;t=m&#038;z=15&#038;output=embed&#038;iwloc=near\"\n\t\t\t\t\ttitle=\"Karpatsk\u00e1 19, 101 00 Praha 10 \u2013 Vr\u0161ovice\"\n\t\t\t\t\taria-label=\"Karpatsk\u00e1 19, 101 00 Praha 10 \u2013 Vr\u0161ovice\"\n\t\t\t><\/iframe>\n\t\t<\/div>\n\t\t\t\t\t\t<\/div>\n\t\t\t\t<\/div>\n\t\t\t\t\t<\/div>\n\t\t\t\t<\/div>\n\t\t<div class=\"elementor-element elementor-element-dfa2287 e-flex e-con-boxed e-con e-parent\" data-id=\"dfa2287\" data-element_type=\"container\">\n\t\t\t\t\t<div class=\"e-con-inner\">\n\t\t\t\t<div class=\"elementor-element elementor-element-9b0ab1f elementor-widget elementor-widget-text-editor\" data-id=\"9b0ab1f\" data-element_type=\"widget\" data-widget_type=\"text-editor.default\">\n\t\t\t\t<div class=\"elementor-widget-container\">\n\t\t\t\t\t\t\t\t\t<p style=\"text-align: center;\"><strong>Klub senior\u016f S\u00e1mova:<\/strong><\/p><p style=\"text-align: center;\">adresa: S\u00e1mova 7, 101 00 Praha 10 \u2013 Vr\u0161ovice<\/p><p style=\"text-align: center;\">kontaktn\u00ed osoba: Nata\u0161a B\u0159ehov\u00e1<\/p><p style=\"text-align: center;\">mob.: 733 643\u00a0954<\/p>\t\t\t\t\t\t\t\t<\/div>\n\t\t\t\t<\/div>\n\t\t\t\t<div class=\"elementor-element elementor-element-1610f2a elementor-widget elementor-widget-google_maps\" data-id=\"1610f2a\" data-element_type=\"widget\" data-widget_type=\"google_maps.default\">\n\t\t\t\t<div class=\"elementor-widget-container\">\n\t\t\t\t\t\t\t<div class=\"elementor-custom-embed\">\n\t\t\t<iframe loading=\"lazy\"\n\t\t\t\t\tsrc=\"https:\/\/maps.google.com\/maps?q=S%C3%A1mova%207%2C%20101%2000%20Praha%2010%20%E2%80%93%20Vr%C5%A1ovice&#038;t=m&#038;z=15&#038;output=embed&#038;iwloc=near\"\n\t\t\t\t\ttitle=\"S\u00e1mova 7, 101 00 Praha 10 \u2013 Vr\u0161ovice\"\n\t\t\t\t\taria-label=\"S\u00e1mova 7, 101 00 Praha 10 \u2013 Vr\u0161ovice\"\n\t\t\t><\/iframe>\n\t\t<\/div>\n\t\t\t\t\t\t<\/div>\n\t\t\t\t<\/div>\n\t\t\t\t\t<\/div>\n\t\t\t\t<\/div>\n\t\t<div class=\"elementor-element elementor-element-27f6f38 e-flex e-con-boxed e-con e-parent\" data-id=\"27f6f38\" data-element_type=\"container\">\n\t\t\t\t\t<div class=\"e-con-inner\">\n\t\t\t\t<div class=\"elementor-element elementor-element-45c71b2 elementor-widget elementor-widget-text-editor\" data-id=\"45c71b2\" data-element_type=\"widget\" data-widget_type=\"text-editor.default\">\n\t\t\t\t<div class=\"elementor-widget-container\">\n\t\t\t\t\t\t\t\t\t<p style=\"text-align: center;\"><strong>Klub senior\u016f Zvonkov\u00e1:<\/strong><\/p><p style=\"text-align: center;\">adresa: Zvonkov\u00e1 6, 106 00 Praha 10 \u2013 Z\u00e1b\u011bhlice<\/p><p style=\"text-align: center;\">kontaktn\u00ed osoba: Stanislava Jadrn\u00ed\u010dkov\u00e1<\/p><p style=\"text-align: center;\">mob.: 601 132\u00a0969<\/p>\t\t\t\t\t\t\t\t<\/div>\n\t\t\t\t<\/div>\n\t\t\t\t<div class=\"elementor-element elementor-element-5dc5107 elementor-widget elementor-widget-google_maps\" data-id=\"5dc5107\" data-element_type=\"widget\" data-widget_type=\"google_maps.default\">\n\t\t\t\t<div class=\"elementor-widget-container\">\n\t\t\t\t\t\t\t<div class=\"elementor-custom-embed\">\n\t\t\t<iframe loading=\"lazy\"\n\t\t\t\t\tsrc=\"https:\/\/maps.google.com\/maps?q=Zvonkov%C3%A1%206%2C%20106%2000%20Praha%2010%20%E2%80%93%20Z%C3%A1b%C4%9Bhlice&#038;t=m&#038;z=15&#038;output=embed&#038;iwloc=near\"\n\t\t\t\t\ttitle=\"Zvonkov\u00e1 6, 106 00 Praha 10 \u2013 Z\u00e1b\u011bhlice\"\n\t\t\t\t\taria-label=\"Zvonkov\u00e1 6, 106 00 Praha 10 \u2013 Z\u00e1b\u011bhlice\"\n\t\t\t><\/iframe>\n\t\t<\/div>\n\t\t\t\t\t\t<\/div>\n\t\t\t\t<\/div>\n\t\t\t\t\t<\/div>\n\t\t\t\t<\/div>\n\t\t<div class=\"elementor-element elementor-element-6508500 e-flex e-con-boxed e-con e-parent\" data-id=\"6508500\" data-element_type=\"container\">\n\t\t\t\t\t<div class=\"e-con-inner\">\n\t\t\t\t<div class=\"elementor-element elementor-element-1c49579 elementor-widget elementor-widget-text-editor\" data-id=\"1c49579\" data-element_type=\"widget\" data-widget_type=\"text-editor.default\">\n\t\t\t\t<div class=\"elementor-widget-container\">\n\t\t\t\t\t\t\t\t\t<p style=\"text-align: center;\"><strong>Klub senior\u016f Po\u010dernick\u00e1:<\/strong><\/p><p style=\"text-align: center;\">adresa: Po\u010dernick\u00e1 64, 108 00 Praha 10 \u2013 Male\u0161ice<\/p><p style=\"text-align: center;\">kontaktn\u00ed osoba: Ivanka Kos\u0148ansk\u00e1<\/p><p style=\"text-align: center;\">mob.: 778 521\u00a0896<\/p>\t\t\t\t\t\t\t\t<\/div>\n\t\t\t\t<\/div>\n\t\t\t\t<div class=\"elementor-element elementor-element-14ecc2d elementor-widget elementor-widget-google_maps\" data-id=\"14ecc2d\" data-element_type=\"widget\" data-widget_type=\"google_maps.default\">\n\t\t\t\t<div class=\"elementor-widget-container\">\n\t\t\t\t\t\t\t<div class=\"elementor-custom-embed\">\n\t\t\t<iframe loading=\"lazy\"\n\t\t\t\t\tsrc=\"https:\/\/maps.google.com\/maps?q=Po%C4%8Dernick%C3%A1%2064%2C%20108%2000%20Praha%2010%20%E2%80%93%20Male%C5%A1ice&#038;t=m&#038;z=15&#038;output=embed&#038;iwloc=near\"\n\t\t\t\t\ttitle=\"Po\u010dernick\u00e1 64, 108 00 Praha 10 \u2013 Male\u0161ice\"\n\t\t\t\t\taria-label=\"Po\u010dernick\u00e1 64, 108 00 Praha 10 \u2013 Male\u0161ice\"\n\t\t\t><\/iframe>\n\t\t<\/div>\n\t\t\t\t\t\t<\/div>\n\t\t\t\t<\/div>\n\t\t\t\t\t<\/div>\n\t\t\t\t<\/div>\n\t\t<div class=\"elementor-element elementor-element-a628274 e-flex e-con-boxed e-con e-parent\" data-id=\"a628274\" data-element_type=\"container\">\n\t\t\t\t\t<div class=\"e-con-inner\">\n\t\t\t\t<div class=\"elementor-element elementor-element-8dac89f elementor-widget elementor-widget-text-editor\" data-id=\"8dac89f\" data-element_type=\"widget\" data-widget_type=\"text-editor.default\">\n\t\t\t\t<div class=\"elementor-widget-container\">\n\t\t\t\t\t\t\t\t\t<p style=\"text-align: center;\"><strong>Klub senior\u016f Na Lou\u017ei:<\/strong><\/p><p style=\"text-align: center;\">adresa: Na Lou\u017ei 19, 101 00 Praha 10 \u2013 Vr\u0161ovice<\/p><p style=\"text-align: center;\">kontaktn\u00ed osoba: Marta K\u0159esinov\u00e1<\/p><p style=\"text-align: center;\">mob.: 733 643 978<\/p>\t\t\t\t\t\t\t\t<\/div>\n\t\t\t\t<\/div>\n\t\t\t\t<div class=\"elementor-element elementor-element-d0d391f elementor-widget elementor-widget-google_maps\" data-id=\"d0d391f\" data-element_type=\"widget\" data-widget_type=\"google_maps.default\">\n\t\t\t\t<div class=\"elementor-widget-container\">\n\t\t\t\t\t\t\t<div class=\"elementor-custom-embed\">\n\t\t\t<iframe loading=\"lazy\"\n\t\t\t\t\tsrc=\"https:\/\/maps.google.com\/maps?q=Na%20Lou%C5%BEi%2019%2C%20101%2000%20Praha%2010%20%E2%80%93%20Vr%C5%A1ovice&#038;t=m&#038;z=15&#038;output=embed&#038;iwloc=near\"\n\t\t\t\t\ttitle=\"Na Lou\u017ei 19, 101 00 Praha 10 \u2013 Vr\u0161ovice\"\n\t\t\t\t\taria-label=\"Na Lou\u017ei 19, 101 00 Praha 10 \u2013 Vr\u0161ovice\"\n\t\t\t><\/iframe>\n\t\t<\/div>\n\t\t\t\t\t\t<\/div>\n\t\t\t\t<\/div>\n\t\t\t\t\t<\/div>\n\t\t\t\t<\/div>\n\t\t\t\t<\/div>\n\t\t","protected":false},"excerpt":{"rendered":"<p>Kontakt pro z\u00e1jemce o informace o klubech pro seniory, rekreac\u00edch a z\u00e1jezdech: Vedouc\u00ed Klub\u016f pro seniory Eva Greplov\u00e1 adresa: Na Lou\u017ei 19, 101 00 Praha 10 \u2013 Vr\u0161ovice tel.: 277 011 710 mob.: 733 643 970 e-mail: klubovavedouci@csop10.cz Kontakty na jednotliv\u00e9 kluby: Klub senior\u016f Karpatsk\u00e1: adresa: Karpatsk\u00e1 19, 101 00 Praha 10 \u2013 Vr\u0161ovice kontaktn\u00ed [&hellip;]<\/p>\n","protected":false},"author":1,"featured_media":0,"parent":0,"menu_order":0,"comment_status":"closed","ping_status":"closed","template":"","meta":{"footnotes":""},"class_list":["post-1207","page","type-page","status-publish","hentry"],"_links":{"self":[{"href":"https:\/\/csop10.bedesign.cz\/csop10\/wp-json\/wp\/v2\/pages\/1207","targetHints":{"allow":["GET"]}}],"collection":[{"href":"https:\/\/csop10.bedesign.cz\/csop10\/wp-json\/wp\/v2\/pages"}],"about":[{"href":"https:\/\/csop10.bedesign.cz\/csop10\/wp-json\/wp\/v2\/types\/page"}],"author":[{"embeddable":true,"href":"https:\/\/csop10.bedesign.cz\/csop10\/wp-json\/wp\/v2\/users\/1"}],"replies":[{"embeddable":true,"href":"https:\/\/csop10.bedesign.cz\/csop10\/wp-json\/wp\/v2\/comments?post=1207"}],"version-history":[{"count":7,"href":"https:\/\/csop10.bedesign.cz\/csop10\/wp-json\/wp\/v2\/pages\/1207\/revisions"}],"predecessor-version":[{"id":1392,"href":"https:\/\/csop10.bedesign.cz\/csop10\/wp-json\/wp\/v2\/pages\/1207\/revisions\/1392"}],"wp:attachment":[{"href":"https:\/\/csop10.bedesign.cz\/csop10\/wp-json\/wp\/v2\/media?parent=1207"}],"curies":[{"name":"wp","href":"https:\/\/api.w.org\/{rel}","templated":true}]}}