{"id":1199,"date":"2024-11-14T10:06:56","date_gmt":"2024-11-14T09:06:56","guid":{"rendered":"https:\/\/csop10.bedesign.cz\/csop10\/?page_id=1199"},"modified":"2025-01-13T23:20:22","modified_gmt":"2025-01-13T22:20:22","slug":"detske-skupiny","status":"publish","type":"page","link":"https:\/\/csop10.bedesign.cz\/csop10\/detske-skupiny\/","title":{"rendered":"D\u011aTSK\u00c9 SKUPINY"},"content":{"rendered":"\t\t<div data-elementor-type=\"wp-page\" data-elementor-id=\"1199\" class=\"elementor elementor-1199\" data-elementor-post-type=\"page\">\n\t\t\t\t<div class=\"elementor-element elementor-element-326e80c e-flex e-con-boxed e-con e-parent\" data-id=\"326e80c\" data-element_type=\"container\">\n\t\t\t\t\t<div class=\"e-con-inner\">\n\t\t\t\t<div class=\"elementor-element elementor-element-62d5cc6 elementor-widget elementor-widget-text-editor\" data-id=\"62d5cc6\" data-element_type=\"widget\" data-widget_type=\"text-editor.default\">\n\t\t\t\t<div class=\"elementor-widget-container\">\n\t\t\t\t\t\t\t\t\t<p style=\"text-align: center;\">Adresa: Jakutsk\u00e1 4\/1162, 100 00 Praha 10 \u2013 Vr\u0161ovice<\/p><p style=\"text-align: center;\">Telefon: 271 737\u00a0749<\/p>\t\t\t\t\t\t\t\t<\/div>\n\t\t\t\t<\/div>\n\t\t\t\t<div class=\"elementor-element elementor-element-d0052d0 elementor-widget elementor-widget-google_maps\" data-id=\"d0052d0\" data-element_type=\"widget\" data-widget_type=\"google_maps.default\">\n\t\t\t\t<div class=\"elementor-widget-container\">\n\t\t\t\t\t\t\t<div class=\"elementor-custom-embed\">\n\t\t\t<iframe loading=\"lazy\"\n\t\t\t\t\tsrc=\"https:\/\/maps.google.com\/maps?q=Jakutsk%C3%A1%204%2F1162%2C%20100%2000%20Praha%2010%20%E2%80%93%20Vr%C5%A1ovice&#038;t=m&#038;z=15&#038;output=embed&#038;iwloc=near\"\n\t\t\t\t\ttitle=\"Jakutsk\u00e1 4\/1162, 100 00 Praha 10 \u2013 Vr\u0161ovice\"\n\t\t\t\t\taria-label=\"Jakutsk\u00e1 4\/1162, 100 00 Praha 10 \u2013 Vr\u0161ovice\"\n\t\t\t><\/iframe>\n\t\t<\/div>\n\t\t\t\t\t\t<\/div>\n\t\t\t\t<\/div>\n\t\t\t\t<div class=\"elementor-element elementor-element-c1d660e elementor-widget elementor-widget-text-editor\" data-id=\"c1d660e\" data-element_type=\"widget\" data-widget_type=\"text-editor.default\">\n\t\t\t\t<div class=\"elementor-widget-container\">\n\t\t\t\t\t\t\t\t\t<p style=\"text-align: center;\"><strong>Kontakt pro z\u00e1jemce o informace o D\u011btsk\u00fdch skupin\u00e1ch:<\/strong><\/p><p style=\"text-align: center;\">Vedouc\u00ed D\u011btsk\u00fdch skupin<\/p><p style=\"text-align: center;\">Pavl\u00edna Reifov\u00e1<\/p><p style=\"text-align: center;\">tel.: 271 737 749<\/p><p style=\"text-align: center;\">mob.: 605 762 416<\/p><p style=\"text-align: center;\">e-mail: <a href=\"mailto:vedoucids@csop10.cz\">vedoucids@csop10.cz<\/a><\/p>\t\t\t\t\t\t\t\t<\/div>\n\t\t\t\t<\/div>\n\t\t\t\t\t<\/div>\n\t\t\t\t<\/div>\n\t\t\t\t<\/div>\n\t\t","protected":false},"excerpt":{"rendered":"<p>Adresa: Jakutsk\u00e1 4\/1162, 100 00 Praha 10 \u2013 Vr\u0161ovice Telefon: 271 737\u00a0749 Kontakt pro z\u00e1jemce o informace o D\u011btsk\u00fdch skupin\u00e1ch: Vedouc\u00ed D\u011btsk\u00fdch skupin Pavl\u00edna Reifov\u00e1 tel.: 271 737 749 mob.: 605 762 416 e-mail: vedoucids@csop10.cz<\/p>\n","protected":false},"author":1,"featured_media":0,"parent":0,"menu_order":0,"comment_status":"closed","ping_status":"closed","template":"","meta":{"footnotes":""},"class_list":["post-1199","page","type-page","status-publish","hentry"],"_links":{"self":[{"href":"https:\/\/csop10.bedesign.cz\/csop10\/wp-json\/wp\/v2\/pages\/1199","targetHints":{"allow":["GET"]}}],"collection":[{"href":"https:\/\/csop10.bedesign.cz\/csop10\/wp-json\/wp\/v2\/pages"}],"about":[{"href":"https:\/\/csop10.bedesign.cz\/csop10\/wp-json\/wp\/v2\/types\/page"}],"author":[{"embeddable":true,"href":"https:\/\/csop10.bedesign.cz\/csop10\/wp-json\/wp\/v2\/users\/1"}],"replies":[{"embeddable":true,"href":"https:\/\/csop10.bedesign.cz\/csop10\/wp-json\/wp\/v2\/comments?post=1199"}],"version-history":[{"count":7,"href":"https:\/\/csop10.bedesign.cz\/csop10\/wp-json\/wp\/v2\/pages\/1199\/revisions"}],"predecessor-version":[{"id":1386,"href":"https:\/\/csop10.bedesign.cz\/csop10\/wp-json\/wp\/v2\/pages\/1199\/revisions\/1386"}],"wp:attachment":[{"href":"https:\/\/csop10.bedesign.cz\/csop10\/wp-json\/wp\/v2\/media?parent=1199"}],"curies":[{"name":"wp","href":"https:\/\/api.w.org\/{rel}","templated":true}]}}