{"id":1198,"date":"2024-11-14T10:06:48","date_gmt":"2024-11-14T09:06:48","guid":{"rendered":"https:\/\/csop10.bedesign.cz\/csop10\/?page_id=1198"},"modified":"2025-01-13T23:18:13","modified_gmt":"2025-01-13T22:18:13","slug":"byty-zvlastniho-urceni-2","status":"publish","type":"page","link":"https:\/\/csop10.bedesign.cz\/csop10\/byty-zvlastniho-urceni-2\/","title":{"rendered":"BYTY ZVL\u00c1\u0160TN\u00cdHO UR\u010cEN\u00cd"},"content":{"rendered":"\t\t<div data-elementor-type=\"wp-page\" data-elementor-id=\"1198\" class=\"elementor elementor-1198\" data-elementor-post-type=\"page\">\n\t\t\t\t<div class=\"elementor-element elementor-element-fec6613 e-flex e-con-boxed e-con e-parent\" data-id=\"fec6613\" data-element_type=\"container\">\n\t\t\t\t\t<div class=\"e-con-inner\">\n\t\t\t\t<div class=\"elementor-element elementor-element-860de94 elementor-widget elementor-widget-text-editor\" data-id=\"860de94\" data-element_type=\"widget\" data-widget_type=\"text-editor.default\">\n\t\t\t\t<div class=\"elementor-widget-container\">\n\t\t\t\t\t\t\t\t\t<p style=\"text-align: center;\">Adresa: Domov spokojen\u00e9ho \u017eit\u00ed, S\u00e1mova 7, 101 00 Praha 10 &#8211; Vr\u0161ovice<\/p><p style=\"text-align: center;\">Telefon: 272 173 061<\/p>\t\t\t\t\t\t\t\t<\/div>\n\t\t\t\t<\/div>\n\t\t\t\t<div class=\"elementor-element elementor-element-745a1e1 elementor-widget elementor-widget-google_maps\" data-id=\"745a1e1\" data-element_type=\"widget\" data-widget_type=\"google_maps.default\">\n\t\t\t\t<div class=\"elementor-widget-container\">\n\t\t\t\t\t\t\t<div class=\"elementor-custom-embed\">\n\t\t\t<iframe loading=\"lazy\"\n\t\t\t\t\tsrc=\"https:\/\/maps.google.com\/maps?q=S%C3%A1mova%207%2C%20101%2000%20Praha%2010%20-%20Vr%C5%A1ovice&#038;t=m&#038;z=15&#038;output=embed&#038;iwloc=near\"\n\t\t\t\t\ttitle=\"S\u00e1mova 7, 101 00 Praha 10 - Vr\u0161ovice\"\n\t\t\t\t\taria-label=\"S\u00e1mova 7, 101 00 Praha 10 - Vr\u0161ovice\"\n\t\t\t><\/iframe>\n\t\t<\/div>\n\t\t\t\t\t\t<\/div>\n\t\t\t\t<\/div>\n\t\t\t\t<div class=\"elementor-element elementor-element-6b4f033 elementor-widget elementor-widget-text-editor\" data-id=\"6b4f033\" data-element_type=\"widget\" data-widget_type=\"text-editor.default\">\n\t\t\t\t<div class=\"elementor-widget-container\">\n\t\t\t\t\t\t\t\t\t<p style=\"text-align: center;\"><strong>Kontakt pro z\u00e1jemce o byt zvl\u00e1\u0161tn\u00edho ur\u010den\u00ed v\u00a0Dom\u011b spokojen\u00e9ho \u017eit\u00ed:<\/strong><\/p><p style=\"text-align: center;\">Vedouc\u00ed okrsku \u010d. 1 pe\u010dovatelsk\u00e9 slu\u017eby &#8211; pro D\u016fm spokojen\u00e9ho \u017eit\u00ed<\/p><p style=\"text-align: center;\">Bc. Vendula Je\u017ekov\u00e1, DiS.<\/p><p style=\"text-align: center;\">tel.: 272 173 061<\/p><p style=\"text-align: center;\">e-mail: <a href=\"mailto:vedouciokr1@csop10.cz\">vedouciokr1@csop10.cz<\/a><\/p>\t\t\t\t\t\t\t\t<\/div>\n\t\t\t\t<\/div>\n\t\t\t\t\t<\/div>\n\t\t\t\t<\/div>\n\t\t\t\t<\/div>\n\t\t","protected":false},"excerpt":{"rendered":"<p>Adresa: Domov spokojen\u00e9ho \u017eit\u00ed, S\u00e1mova 7, 101 00 Praha 10 &#8211; Vr\u0161ovice Telefon: 272 173 061 Kontakt pro z\u00e1jemce o byt zvl\u00e1\u0161tn\u00edho ur\u010den\u00ed v\u00a0Dom\u011b spokojen\u00e9ho \u017eit\u00ed: Vedouc\u00ed okrsku \u010d. 1 pe\u010dovatelsk\u00e9 slu\u017eby &#8211; pro D\u016fm spokojen\u00e9ho \u017eit\u00ed Bc. Vendula Je\u017ekov\u00e1, DiS. tel.: 272 173 061 e-mail: vedouciokr1@csop10.cz<\/p>\n","protected":false},"author":1,"featured_media":0,"parent":0,"menu_order":0,"comment_status":"closed","ping_status":"closed","template":"","meta":{"footnotes":""},"class_list":["post-1198","page","type-page","status-publish","hentry"],"_links":{"self":[{"href":"https:\/\/csop10.bedesign.cz\/csop10\/wp-json\/wp\/v2\/pages\/1198","targetHints":{"allow":["GET"]}}],"collection":[{"href":"https:\/\/csop10.bedesign.cz\/csop10\/wp-json\/wp\/v2\/pages"}],"about":[{"href":"https:\/\/csop10.bedesign.cz\/csop10\/wp-json\/wp\/v2\/types\/page"}],"author":[{"embeddable":true,"href":"https:\/\/csop10.bedesign.cz\/csop10\/wp-json\/wp\/v2\/users\/1"}],"replies":[{"embeddable":true,"href":"https:\/\/csop10.bedesign.cz\/csop10\/wp-json\/wp\/v2\/comments?post=1198"}],"version-history":[{"count":4,"href":"https:\/\/csop10.bedesign.cz\/csop10\/wp-json\/wp\/v2\/pages\/1198\/revisions"}],"predecessor-version":[{"id":1380,"href":"https:\/\/csop10.bedesign.cz\/csop10\/wp-json\/wp\/v2\/pages\/1198\/revisions\/1380"}],"wp:attachment":[{"href":"https:\/\/csop10.bedesign.cz\/csop10\/wp-json\/wp\/v2\/media?parent=1198"}],"curies":[{"name":"wp","href":"https:\/\/api.w.org\/{rel}","templated":true}]}}