{"id":1197,"date":"2024-11-14T10:06:40","date_gmt":"2024-11-14T09:06:40","guid":{"rendered":"https:\/\/csop10.bedesign.cz\/csop10\/?page_id=1197"},"modified":"2025-01-13T23:17:18","modified_gmt":"2025-01-13T22:17:18","slug":"domov-u-vrsovickeho-nadrazi-2","status":"publish","type":"page","link":"https:\/\/csop10.bedesign.cz\/csop10\/domov-u-vrsovickeho-nadrazi-2\/","title":{"rendered":"DOMOV U VR\u0160OVICK\u00c9HO N\u00c1DRA\u017d\u00cd"},"content":{"rendered":"\t\t<div data-elementor-type=\"wp-page\" data-elementor-id=\"1197\" class=\"elementor elementor-1197\" data-elementor-post-type=\"page\">\n\t\t\t\t<div class=\"elementor-element elementor-element-4786e08 e-flex e-con-boxed e-con e-parent\" data-id=\"4786e08\" data-element_type=\"container\">\n\t\t\t\t\t<div class=\"e-con-inner\">\n\t\t\t\t<div class=\"elementor-element elementor-element-b838723 elementor-widget elementor-widget-text-editor\" data-id=\"b838723\" data-element_type=\"widget\" data-widget_type=\"text-editor.default\">\n\t\t\t\t<div class=\"elementor-widget-container\">\n\t\t\t\t\t\t\t\t\t<p style=\"text-align: center;\">Adresa: U Vr\u0161ovick\u00e9ho n\u00e1dra\u017e\u00ed 1547\/5, 101 00 Praha 10<\/p><p style=\"text-align: center;\">Telefon recepce: 277 011\u00a0700<\/p>\t\t\t\t\t\t\t\t<\/div>\n\t\t\t\t<\/div>\n\t\t\t\t<div class=\"elementor-element elementor-element-9bdd54c elementor-widget elementor-widget-google_maps\" data-id=\"9bdd54c\" data-element_type=\"widget\" data-widget_type=\"google_maps.default\">\n\t\t\t\t<div class=\"elementor-widget-container\">\n\t\t\t\t\t\t\t<div class=\"elementor-custom-embed\">\n\t\t\t<iframe loading=\"lazy\"\n\t\t\t\t\tsrc=\"https:\/\/maps.google.com\/maps?q=U%20Vr%C5%A1ovick%C3%A9ho%20n%C3%A1dra%C5%BE%C3%AD%201547%2F5%2C%20101%2000%20Praha%2010&#038;t=m&#038;z=15&#038;output=embed&#038;iwloc=near\"\n\t\t\t\t\ttitle=\"U Vr\u0161ovick\u00e9ho n\u00e1dra\u017e\u00ed 1547\/5, 101 00 Praha 10\"\n\t\t\t\t\taria-label=\"U Vr\u0161ovick\u00e9ho n\u00e1dra\u017e\u00ed 1547\/5, 101 00 Praha 10\"\n\t\t\t><\/iframe>\n\t\t<\/div>\n\t\t\t\t\t\t<\/div>\n\t\t\t\t<\/div>\n\t\t\t\t<div class=\"elementor-element elementor-element-1613d26 elementor-widget elementor-widget-text-editor\" data-id=\"1613d26\" data-element_type=\"widget\" data-widget_type=\"text-editor.default\">\n\t\t\t\t<div class=\"elementor-widget-container\">\n\t\t\t\t\t\t\t\t\t<p style=\"text-align: center;\"><strong>Kontakt pro z\u00e1jemce o domov pro seniory a odleh\u010dovac\u00ed slu\u017ebu:<\/strong><\/p><p style=\"text-align: center;\">Soci\u00e1ln\u00ed pracovnice<\/p><p style=\"text-align: center;\">Lenka Fejfarov\u00e1, DiS.<\/p><p style=\"text-align: center;\">tel.: 277 011 702<\/p><p style=\"text-align: center;\">mob.: 731 652 375<\/p><p style=\"text-align: center;\">e-mail: <a href=\"mailto:unadrazids@csop10.cz\">unadrazids@csop10.cz<\/a><\/p><p style=\"text-align: center;\">\u00a0<\/p><p style=\"text-align: center;\"><strong>Veden\u00ed Domova U Vr\u0161ovick\u00e9ho n\u00e1dra\u017e\u00ed:<\/strong><\/p><p style=\"text-align: center;\">Vedouc\u00ed st\u0159ediska U Vr\u0161ovick\u00e9ho n\u00e1dra\u017e\u00ed<\/p><p style=\"text-align: center;\">Blanka Sl\u00e1dkov\u00e1<\/p><p style=\"text-align: center;\">tel.: 277 011 701<\/p><p style=\"text-align: center;\">mob.: 734 441 476<\/p><p style=\"text-align: center;\">e-mail: <a href=\"mailto:vedouciuvn@csop10.cz\">vedouciuvn@csop10.cz<\/a><\/p><p style=\"text-align: center;\">\u00a0<\/p><p style=\"text-align: center;\">Vedouc\u00ed soci\u00e1ln\u00ed p\u00e9\u010de<\/p><p style=\"text-align: center;\">Bc. Lenka Del Maschio<\/p><p style=\"text-align: center;\">tel.: 277\u00a0011\u00a0776<\/p><p style=\"text-align: center;\">mob.: 734 219 970<\/p><p style=\"text-align: center;\">e-mail: <a href=\"mailto:vedoucipeceuvn@csop10.cz\">vedoucipeceuvn@csop10.cz<\/a><\/p><p style=\"text-align: center;\">Vedouc\u00ed zdravotn\u00ed p\u00e9\u010de<\/p><p style=\"text-align: center;\">Mgr. \u0160tef\u00e1nia Siposov\u00e1<\/p><p style=\"text-align: center;\">tel.: 277 011 776<\/p><p style=\"text-align: center;\">mob.: 733 643 979<\/p><p style=\"text-align: center;\">e-mail: <a href=\"mailto:vedoucizdravuvn@csop10.cz\">vedoucizdravuvn@csop10.cz<\/a><\/p>\t\t\t\t\t\t\t\t<\/div>\n\t\t\t\t<\/div>\n\t\t\t\t\t<\/div>\n\t\t\t\t<\/div>\n\t\t\t\t<\/div>\n\t\t","protected":false},"excerpt":{"rendered":"<p>Adresa: U Vr\u0161ovick\u00e9ho n\u00e1dra\u017e\u00ed 1547\/5, 101 00 Praha 10 Telefon recepce: 277 011\u00a0700 Kontakt pro z\u00e1jemce o domov pro seniory a odleh\u010dovac\u00ed slu\u017ebu: Soci\u00e1ln\u00ed pracovnice Lenka Fejfarov\u00e1, DiS. tel.: 277 011 702 mob.: 731 652 375 e-mail: unadrazids@csop10.cz \u00a0 Veden\u00ed Domova U Vr\u0161ovick\u00e9ho n\u00e1dra\u017e\u00ed: Vedouc\u00ed st\u0159ediska U Vr\u0161ovick\u00e9ho n\u00e1dra\u017e\u00ed Blanka Sl\u00e1dkov\u00e1 tel.: 277 011 701 [&hellip;]<\/p>\n","protected":false},"author":1,"featured_media":0,"parent":0,"menu_order":0,"comment_status":"closed","ping_status":"closed","template":"","meta":{"footnotes":""},"class_list":["post-1197","page","type-page","status-publish","hentry"],"_links":{"self":[{"href":"https:\/\/csop10.bedesign.cz\/csop10\/wp-json\/wp\/v2\/pages\/1197","targetHints":{"allow":["GET"]}}],"collection":[{"href":"https:\/\/csop10.bedesign.cz\/csop10\/wp-json\/wp\/v2\/pages"}],"about":[{"href":"https:\/\/csop10.bedesign.cz\/csop10\/wp-json\/wp\/v2\/types\/page"}],"author":[{"embeddable":true,"href":"https:\/\/csop10.bedesign.cz\/csop10\/wp-json\/wp\/v2\/users\/1"}],"replies":[{"embeddable":true,"href":"https:\/\/csop10.bedesign.cz\/csop10\/wp-json\/wp\/v2\/comments?post=1197"}],"version-history":[{"count":4,"href":"https:\/\/csop10.bedesign.cz\/csop10\/wp-json\/wp\/v2\/pages\/1197\/revisions"}],"predecessor-version":[{"id":1377,"href":"https:\/\/csop10.bedesign.cz\/csop10\/wp-json\/wp\/v2\/pages\/1197\/revisions\/1377"}],"wp:attachment":[{"href":"https:\/\/csop10.bedesign.cz\/csop10\/wp-json\/wp\/v2\/media?parent=1197"}],"curies":[{"name":"wp","href":"https:\/\/api.w.org\/{rel}","templated":true}]}}