{"id":1196,"date":"2024-11-14T10:06:33","date_gmt":"2024-11-14T09:06:33","guid":{"rendered":"https:\/\/csop10.bedesign.cz\/csop10\/?page_id=1196"},"modified":"2025-02-20T13:53:54","modified_gmt":"2025-02-20T12:53:54","slug":"domov-vrsovicky-zamecek-2","status":"publish","type":"page","link":"https:\/\/csop10.bedesign.cz\/csop10\/domov-vrsovicky-zamecek-2\/","title":{"rendered":"DOMOV VR\u0160OVICK\u00dd Z\u00c1ME\u010cEK"},"content":{"rendered":"\t\t<div data-elementor-type=\"wp-page\" data-elementor-id=\"1196\" class=\"elementor elementor-1196\" data-elementor-post-type=\"page\">\n\t\t\t\t<div class=\"elementor-element elementor-element-94665fd e-flex e-con-boxed e-con e-parent\" data-id=\"94665fd\" data-element_type=\"container\">\n\t\t\t\t\t<div class=\"e-con-inner\">\n\t\t\t\t<div class=\"elementor-element elementor-element-4736a2f elementor-widget elementor-widget-text-editor\" data-id=\"4736a2f\" data-element_type=\"widget\" data-widget_type=\"text-editor.default\">\n\t\t\t\t<div class=\"elementor-widget-container\">\n\t\t\t\t\t\t\t\t\t<p style=\"text-align: center;\">Telefon: Moskevsk\u00e1 120\/21, 101 00 Praha 10 \u2013 Vr\u0161ovice<\/p><p style=\"text-align: center;\">Telefon recepce: 277 010 191, 277 010\u00a0192<\/p>\t\t\t\t\t\t\t\t<\/div>\n\t\t\t\t<\/div>\n\t\t\t\t<div class=\"elementor-element elementor-element-ba9d50d elementor-widget elementor-widget-google_maps\" data-id=\"ba9d50d\" data-element_type=\"widget\" data-widget_type=\"google_maps.default\">\n\t\t\t\t<div class=\"elementor-widget-container\">\n\t\t\t\t\t\t\t<div class=\"elementor-custom-embed\">\n\t\t\t<iframe loading=\"lazy\"\n\t\t\t\t\tsrc=\"https:\/\/maps.google.com\/maps?q=Moskevsk%C3%A1%20120%2F21%2C%20101%2000%20Praha%2010%20%E2%80%93%20Vr%C5%A1ovice&#038;t=m&#038;z=15&#038;output=embed&#038;iwloc=near\"\n\t\t\t\t\ttitle=\"Moskevsk\u00e1 120\/21, 101 00 Praha 10 \u2013 Vr\u0161ovice\"\n\t\t\t\t\taria-label=\"Moskevsk\u00e1 120\/21, 101 00 Praha 10 \u2013 Vr\u0161ovice\"\n\t\t\t><\/iframe>\n\t\t<\/div>\n\t\t\t\t\t\t<\/div>\n\t\t\t\t<\/div>\n\t\t\t\t<div class=\"elementor-element elementor-element-999a0ec elementor-widget elementor-widget-text-editor\" data-id=\"999a0ec\" data-element_type=\"widget\" data-widget_type=\"text-editor.default\">\n\t\t\t\t<div class=\"elementor-widget-container\">\n\t\t\t\t\t\t\t\t\t<p style=\"text-align: center;\"><strong>Kontakt pro z\u00e1jemce o domov pro seniory a odleh\u010dovac\u00ed slu\u017ebu:<\/strong><\/p><p style=\"text-align: center;\">Soci\u00e1ln\u00ed pracovnice<\/p><p style=\"text-align: center;\">R\u016f\u017eena Tanzerov\u00e1, DiS.<\/p><p style=\"text-align: center;\">tel.: 277 010 183<\/p><p style=\"text-align: center;\">mob.: 604 326 004<\/p><p style=\"text-align: center;\">e-mail: <a href=\"mailto:zamecekds@csop10.cz\">zamecekds@csop10.cz<\/a><\/p><p style=\"text-align: center;\">\u00a0<\/p><p style=\"text-align: center;\"><strong>Kontakt pro z\u00e1jemce o domov se zvl\u00e1\u0161tn\u00edm re\u017eimem:<\/strong><\/p><p style=\"text-align: center;\">Soci\u00e1ln\u00ed pracovnice<\/p><p style=\"text-align: center;\">Simona S\u00fdkorov\u00e1, DiS.<\/p><p style=\"text-align: center;\">tel.: 277 010 184<\/p><p style=\"text-align: center;\">mob.: 604 326 207<\/p><p style=\"text-align: center;\">e-mail: <a href=\"mailto:zamecekdzr@csop10.cz\">zamecekdzr@csop10.cz<\/a><\/p><p style=\"text-align: center;\">\u00a0<\/p><p style=\"text-align: center;\"><strong>Veden\u00ed Domova Vr\u0161ovick\u00fd z\u00e1me\u010dek:<\/strong><\/p><p style=\"text-align: center;\">Vedouc\u00ed st\u0159ediska Vr\u0161ovick\u00fd z\u00e1me\u010dek<\/p><p style=\"text-align: center;\">Bc. Olga Brandejsk\u00e1<\/p><p style=\"text-align: center;\">tel.: 277 010 180<\/p><p style=\"text-align: center;\">mob.: 732 410 768<\/p><p style=\"text-align: center;\">e-mail: <a href=\"mailto:vedoucizamecek@csop10.cz\">vedoucizamecek@csop10.cz<\/a><\/p><p style=\"text-align: center;\">Vedouc\u00ed zdravotn\u00ed p\u00e9\u010de<\/p><p style=\"text-align: center;\">tel.: 277 010 181<\/p><p style=\"text-align: center;\">e-mail: <a href=\"mailto:vedoucizdravzam@csop10.cz\">vedoucizdravzam@csop10.cz<\/a><\/p>\t\t\t\t\t\t\t\t<\/div>\n\t\t\t\t<\/div>\n\t\t\t\t\t<\/div>\n\t\t\t\t<\/div>\n\t\t\t\t<\/div>\n\t\t","protected":false},"excerpt":{"rendered":"<p>Telefon: Moskevsk\u00e1 120\/21, 101 00 Praha 10 \u2013 Vr\u0161ovice Telefon recepce: 277 010 191, 277 010\u00a0192 Kontakt pro z\u00e1jemce o domov pro seniory a odleh\u010dovac\u00ed slu\u017ebu: Soci\u00e1ln\u00ed pracovnice R\u016f\u017eena Tanzerov\u00e1, DiS. tel.: 277 010 183 mob.: 604 326 004 e-mail: zamecekds@csop10.cz \u00a0 Kontakt pro z\u00e1jemce o domov se zvl\u00e1\u0161tn\u00edm re\u017eimem: Soci\u00e1ln\u00ed pracovnice Simona S\u00fdkorov\u00e1, DiS. [&hellip;]<\/p>\n","protected":false},"author":1,"featured_media":0,"parent":0,"menu_order":0,"comment_status":"closed","ping_status":"closed","template":"","meta":{"footnotes":""},"class_list":["post-1196","page","type-page","status-publish","hentry"],"_links":{"self":[{"href":"https:\/\/csop10.bedesign.cz\/csop10\/wp-json\/wp\/v2\/pages\/1196","targetHints":{"allow":["GET"]}}],"collection":[{"href":"https:\/\/csop10.bedesign.cz\/csop10\/wp-json\/wp\/v2\/pages"}],"about":[{"href":"https:\/\/csop10.bedesign.cz\/csop10\/wp-json\/wp\/v2\/types\/page"}],"author":[{"embeddable":true,"href":"https:\/\/csop10.bedesign.cz\/csop10\/wp-json\/wp\/v2\/users\/1"}],"replies":[{"embeddable":true,"href":"https:\/\/csop10.bedesign.cz\/csop10\/wp-json\/wp\/v2\/comments?post=1196"}],"version-history":[{"count":13,"href":"https:\/\/csop10.bedesign.cz\/csop10\/wp-json\/wp\/v2\/pages\/1196\/revisions"}],"predecessor-version":[{"id":1429,"href":"https:\/\/csop10.bedesign.cz\/csop10\/wp-json\/wp\/v2\/pages\/1196\/revisions\/1429"}],"wp:attachment":[{"href":"https:\/\/csop10.bedesign.cz\/csop10\/wp-json\/wp\/v2\/media?parent=1196"}],"curies":[{"name":"wp","href":"https:\/\/api.w.org\/{rel}","templated":true}]}}