{"id":1195,"date":"2024-11-14T10:06:25","date_gmt":"2024-11-14T09:06:25","guid":{"rendered":"https:\/\/csop10.bedesign.cz\/csop10\/?page_id=1195"},"modified":"2025-02-20T13:54:13","modified_gmt":"2025-02-20T12:54:13","slug":"domov-zvonkova-2","status":"publish","type":"page","link":"https:\/\/csop10.bedesign.cz\/csop10\/domov-zvonkova-2\/","title":{"rendered":"DOMOV ZVONKOV\u00c1"},"content":{"rendered":"\t\t<div data-elementor-type=\"wp-page\" data-elementor-id=\"1195\" class=\"elementor elementor-1195\" data-elementor-post-type=\"page\">\n\t\t\t\t<div class=\"elementor-element elementor-element-2e3c4a6 e-flex e-con-boxed e-con e-parent\" data-id=\"2e3c4a6\" data-element_type=\"container\">\n\t\t\t\t\t<div class=\"e-con-inner\">\n\t\t\t\t<div class=\"elementor-element elementor-element-7e5d83b elementor-widget elementor-widget-text-editor\" data-id=\"7e5d83b\" data-element_type=\"widget\" data-widget_type=\"text-editor.default\">\n\t\t\t\t<div class=\"elementor-widget-container\">\n\t\t\t\t\t\t\t\t\t<p style=\"text-align: center;\">Adresa: Zvonkov\u00e1 2902\/6, 106 00 Praha 10 \u2013 Zahradn\u00ed M\u011bsto<\/p><p style=\"text-align: center;\">Telefon recepce: 272 173\u00a0011<\/p>\t\t\t\t\t\t\t\t<\/div>\n\t\t\t\t<\/div>\n\t\t\t\t<div class=\"elementor-element elementor-element-2cbe2af elementor-widget elementor-widget-google_maps\" data-id=\"2cbe2af\" data-element_type=\"widget\" data-widget_type=\"google_maps.default\">\n\t\t\t\t<div class=\"elementor-widget-container\">\n\t\t\t\t\t\t\t<div class=\"elementor-custom-embed\">\n\t\t\t<iframe loading=\"lazy\"\n\t\t\t\t\tsrc=\"https:\/\/maps.google.com\/maps?q=Zvonkov%C3%A1%202902%2F6%2C%20106%2000%20Praha%2010%20%E2%80%93%20Zahradn%C3%AD%20M%C4%9Bsto&#038;t=m&#038;z=15&#038;output=embed&#038;iwloc=near\"\n\t\t\t\t\ttitle=\"Zvonkov\u00e1 2902\/6, 106 00 Praha 10 \u2013 Zahradn\u00ed M\u011bsto\"\n\t\t\t\t\taria-label=\"Zvonkov\u00e1 2902\/6, 106 00 Praha 10 \u2013 Zahradn\u00ed M\u011bsto\"\n\t\t\t><\/iframe>\n\t\t<\/div>\n\t\t\t\t\t\t<\/div>\n\t\t\t\t<\/div>\n\t\t\t\t<div class=\"elementor-element elementor-element-54c94c0 elementor-widget elementor-widget-text-editor\" data-id=\"54c94c0\" data-element_type=\"widget\" data-widget_type=\"text-editor.default\">\n\t\t\t\t<div class=\"elementor-widget-container\">\n\t\t\t\t\t\t\t\t\t<p style=\"text-align: center;\"><strong>Kontakt pro z\u00e1jemce o domov pro seniory a odleh\u010dovac\u00ed slu\u017ebu:<\/strong><\/p>\n<p style=\"text-align: center;\">Soci\u00e1ln\u00ed pracovnice<\/p>\n<p style=\"text-align: center;\">Mgr. Marie \u0160kr\u00e9tov\u00e1<\/p>\n<p style=\"text-align: center;\">tel.: 277 001 294<\/p>\n<p style=\"text-align: center;\">mob.: 736 611 975<\/p>\n<p style=\"text-align: center;\">e-mail: <a href=\"mailto:zvonkovads@csop10.cz\">zvonkovads@csop10.cz<\/a><\/p><p style=\"text-align: center;\"><br><\/p>\n<p style=\"text-align: center;\"><strong>Kontakt pro z\u00e1jemce o domov se zvl\u00e1\u0161tn\u00edm re\u017eimem:<\/strong><\/p>\n<p style=\"text-align: center;\">Soci\u00e1ln\u00ed pracovnice<\/p>\n<p style=\"text-align: center;\">Jana Hor\u010dicov\u00e1, DiS.<\/p>\n<p style=\"text-align: center;\">tel.: 272 173 022<\/p>\n<p style=\"text-align: center;\">mob.: 733 643 972<\/p>\n<p style=\"text-align: center;\">e-mail: <a href=\"mailto:zvonkovadzr@csop10.cz\">zvonkovadzr@csop10.cz<\/a><\/p><p style=\"text-align: center;\"><br><\/p>\n<p style=\"text-align: center;\"><strong>Veden\u00ed Domova Zvonkov\u00e1:<\/strong><\/p>\n<p style=\"text-align: center;\">Vedouc\u00ed st\u0159ediska Zvonkov\u00e1<\/p>\n<p style=\"text-align: center;\">Marie Novotn\u00e1, DiS.<\/p>\n<p style=\"text-align: center;\">tel.: 272 173 033<\/p>\n<p style=\"text-align: center;\">mob.: 776 357 007<\/p>\n<p style=\"text-align: center;\">e-mail: <a href=\"mailto:vedoucizvon@csop10.cz\">vedoucizvon@csop10.cz<\/a><\/p><p style=\"text-align: center;\"><br><\/p>\n<p style=\"text-align: center;\">Vedouc\u00ed soci\u00e1ln\u00ed p\u00e9\u010de<\/p>\n<p style=\"text-align: center;\">tel.: 272 173 044<\/p>\n<p style=\"text-align: center;\">mob.: 734 219 978<\/p>\n<p style=\"text-align: center;\">e-mail: <a href=\"mailto:vedoucipecezvon@csop10.cz\">vedoucipecezvon@csop10.cz<\/a><\/p><p style=\"text-align: center;\"><br><\/p>\n<p style=\"text-align: center;\">Vedouc\u00ed zdravotn\u00ed p\u00e9\u010de<\/p>\n<p style=\"text-align: center;\">Bc. Magda \u0160efrnov\u00e1<\/p>\n<p style=\"text-align: center;\">tel.: 272 173 055<\/p>\n<p style=\"text-align: center;\">mob.: 731 556 027<\/p>\n<p style=\"text-align: center;\">e-mail: <a href=\"mailto:vedoucizdravzvon@csop10.cz\">vedoucizdravzvon@csop10.cz<\/a><\/p><p style=\"text-align: center;\"><br><\/p>\n<p style=\"text-align: center;\"><strong>Slu\u017eby:<\/strong><\/p>\n<p style=\"text-align: center;\">Pedik\u00e9rka<\/p>\n<p style=\"text-align: center;\">Ilona Nedbalov\u00e1<\/p>\n<p style=\"text-align: center;\">tel.: 272 173 054<\/p>\n<p style=\"text-align: center;\">Kade\u0159nice<\/p>\n<p style=\"text-align: center;\">Pavl\u00edna B\u0159ezinov\u00e1<\/p>\n<p style=\"text-align: center;\">tel.: 603 965 971<\/p>\t\t\t\t\t\t\t\t<\/div>\n\t\t\t\t<\/div>\n\t\t\t\t\t<\/div>\n\t\t\t\t<\/div>\n\t\t\t\t<\/div>\n\t\t","protected":false},"excerpt":{"rendered":"<p>Adresa: Zvonkov\u00e1 2902\/6, 106 00 Praha 10 \u2013 Zahradn\u00ed M\u011bsto Telefon recepce: 272 173\u00a0011 Kontakt pro z\u00e1jemce o domov pro seniory a odleh\u010dovac\u00ed slu\u017ebu: Soci\u00e1ln\u00ed pracovnice Mgr. Marie \u0160kr\u00e9tov\u00e1 tel.: 277 001 294 mob.: 736 611 975 e-mail: zvonkovads@csop10.cz Kontakt pro z\u00e1jemce o domov se zvl\u00e1\u0161tn\u00edm re\u017eimem: Soci\u00e1ln\u00ed pracovnice Jana Hor\u010dicov\u00e1, DiS. tel.: 272 173 [&hellip;]<\/p>\n","protected":false},"author":1,"featured_media":0,"parent":0,"menu_order":0,"comment_status":"closed","ping_status":"closed","template":"","meta":{"footnotes":""},"class_list":["post-1195","page","type-page","status-publish","hentry"],"_links":{"self":[{"href":"https:\/\/csop10.bedesign.cz\/csop10\/wp-json\/wp\/v2\/pages\/1195","targetHints":{"allow":["GET"]}}],"collection":[{"href":"https:\/\/csop10.bedesign.cz\/csop10\/wp-json\/wp\/v2\/pages"}],"about":[{"href":"https:\/\/csop10.bedesign.cz\/csop10\/wp-json\/wp\/v2\/types\/page"}],"author":[{"embeddable":true,"href":"https:\/\/csop10.bedesign.cz\/csop10\/wp-json\/wp\/v2\/users\/1"}],"replies":[{"embeddable":true,"href":"https:\/\/csop10.bedesign.cz\/csop10\/wp-json\/wp\/v2\/comments?post=1195"}],"version-history":[{"count":7,"href":"https:\/\/csop10.bedesign.cz\/csop10\/wp-json\/wp\/v2\/pages\/1195\/revisions"}],"predecessor-version":[{"id":1432,"href":"https:\/\/csop10.bedesign.cz\/csop10\/wp-json\/wp\/v2\/pages\/1195\/revisions\/1432"}],"wp:attachment":[{"href":"https:\/\/csop10.bedesign.cz\/csop10\/wp-json\/wp\/v2\/media?parent=1195"}],"curies":[{"name":"wp","href":"https:\/\/api.w.org\/{rel}","templated":true}]}}