{"id":1194,"date":"2024-11-14T10:06:17","date_gmt":"2024-11-14T09:06:17","guid":{"rendered":"https:\/\/csop10.bedesign.cz\/csop10\/?page_id=1194"},"modified":"2025-01-13T23:12:56","modified_gmt":"2025-01-13T22:12:56","slug":"domaci-zdravotni-pece-a-pujcovna","status":"publish","type":"page","link":"https:\/\/csop10.bedesign.cz\/csop10\/domaci-zdravotni-pece-a-pujcovna\/","title":{"rendered":"DOM\u00c1C\u00cd ZDRAVOTN\u00cd P\u00c9\u010cE A P\u016eJ\u010cOVNA"},"content":{"rendered":"\t\t<div data-elementor-type=\"wp-page\" data-elementor-id=\"1194\" class=\"elementor elementor-1194\" data-elementor-post-type=\"page\">\n\t\t\t\t<div class=\"elementor-element elementor-element-fc74b52 e-flex e-con-boxed e-con e-parent\" data-id=\"fc74b52\" data-element_type=\"container\">\n\t\t\t\t\t<div class=\"e-con-inner\">\n\t\t\t\t<div class=\"elementor-element elementor-element-4571583 elementor-widget elementor-widget-text-editor\" data-id=\"4571583\" data-element_type=\"widget\" data-widget_type=\"text-editor.default\">\n\t\t\t\t<div class=\"elementor-widget-container\">\n\t\t\t\t\t\t\t\t\t<p style=\"text-align: center;\">Adresa: S\u00e1mova 7, 101 00 Praha 10 \u2013 Vr\u0161ovice<\/p><p style=\"text-align: center;\">Telefon: 272 730\u00a0813<\/p>\t\t\t\t\t\t\t\t<\/div>\n\t\t\t\t<\/div>\n\t\t\t\t<div class=\"elementor-element elementor-element-21a6a42 elementor-widget elementor-widget-google_maps\" data-id=\"21a6a42\" data-element_type=\"widget\" data-widget_type=\"google_maps.default\">\n\t\t\t\t<div class=\"elementor-widget-container\">\n\t\t\t\t\t\t\t<div class=\"elementor-custom-embed\">\n\t\t\t<iframe loading=\"lazy\"\n\t\t\t\t\tsrc=\"https:\/\/maps.google.com\/maps?q=S%C3%A1mova%207%2C%20101%2000%20Praha%2010%20%E2%80%93%20Vr%C5%A1ovice&#038;t=m&#038;z=15&#038;output=embed&#038;iwloc=near\"\n\t\t\t\t\ttitle=\"S\u00e1mova 7, 101 00 Praha 10 \u2013 Vr\u0161ovice\"\n\t\t\t\t\taria-label=\"S\u00e1mova 7, 101 00 Praha 10 \u2013 Vr\u0161ovice\"\n\t\t\t><\/iframe>\n\t\t<\/div>\n\t\t\t\t\t\t<\/div>\n\t\t\t\t<\/div>\n\t\t\t\t<div class=\"elementor-element elementor-element-2534f0d elementor-widget elementor-widget-text-editor\" data-id=\"2534f0d\" data-element_type=\"widget\" data-widget_type=\"text-editor.default\">\n\t\t\t\t<div class=\"elementor-widget-container\">\n\t\t\t\t\t\t\t\t\t<p style=\"text-align: center;\"><strong>Vedouc\u00ed dom\u00e1c\u00ed zdravotn\u00ed p\u00e9\u010de <\/strong><\/p><p style=\"text-align: center;\">Telefon: 272 730 813<\/p><p style=\"text-align: center;\">mob.: 603 532 257<\/p><p style=\"text-align: center;\">e-mail: <a href=\"mailto:vedoucidzp@csop10.cz\">vedoucidzp@csop10.cz<\/a><\/p>\t\t\t\t\t\t\t\t<\/div>\n\t\t\t\t<\/div>\n\t\t\t\t\t<\/div>\n\t\t\t\t<\/div>\n\t\t\t\t<\/div>\n\t\t","protected":false},"excerpt":{"rendered":"<p>Adresa: S\u00e1mova 7, 101 00 Praha 10 \u2013 Vr\u0161ovice Telefon: 272 730\u00a0813 Vedouc\u00ed dom\u00e1c\u00ed zdravotn\u00ed p\u00e9\u010de Telefon: 272 730 813 mob.: 603 532 257 e-mail: vedoucidzp@csop10.cz<\/p>\n","protected":false},"author":1,"featured_media":0,"parent":0,"menu_order":0,"comment_status":"closed","ping_status":"closed","template":"","meta":{"footnotes":""},"class_list":["post-1194","page","type-page","status-publish","hentry"],"_links":{"self":[{"href":"https:\/\/csop10.bedesign.cz\/csop10\/wp-json\/wp\/v2\/pages\/1194","targetHints":{"allow":["GET"]}}],"collection":[{"href":"https:\/\/csop10.bedesign.cz\/csop10\/wp-json\/wp\/v2\/pages"}],"about":[{"href":"https:\/\/csop10.bedesign.cz\/csop10\/wp-json\/wp\/v2\/types\/page"}],"author":[{"embeddable":true,"href":"https:\/\/csop10.bedesign.cz\/csop10\/wp-json\/wp\/v2\/users\/1"}],"replies":[{"embeddable":true,"href":"https:\/\/csop10.bedesign.cz\/csop10\/wp-json\/wp\/v2\/comments?post=1194"}],"version-history":[{"count":4,"href":"https:\/\/csop10.bedesign.cz\/csop10\/wp-json\/wp\/v2\/pages\/1194\/revisions"}],"predecessor-version":[{"id":1365,"href":"https:\/\/csop10.bedesign.cz\/csop10\/wp-json\/wp\/v2\/pages\/1194\/revisions\/1365"}],"wp:attachment":[{"href":"https:\/\/csop10.bedesign.cz\/csop10\/wp-json\/wp\/v2\/media?parent=1194"}],"curies":[{"name":"wp","href":"https:\/\/api.w.org\/{rel}","templated":true}]}}