{"id":1002,"date":"2024-08-14T11:03:25","date_gmt":"2024-08-14T09:03:25","guid":{"rendered":"https:\/\/csop10.bedesign.cz\/csop10\/?page_id=1002"},"modified":"2025-02-20T13:56:19","modified_gmt":"2025-02-20T12:56:19","slug":"pecovatelska-sluzba-kontakt","status":"publish","type":"page","link":"https:\/\/csop10.bedesign.cz\/csop10\/pecovatelska-sluzba-kontakt\/","title":{"rendered":"PE\u010cOVATELSK\u00c1 SLU\u017dBA &#8211; kontakt"},"content":{"rendered":"\t\t<div data-elementor-type=\"wp-page\" data-elementor-id=\"1002\" class=\"elementor elementor-1002\" data-elementor-post-type=\"page\">\n\t\t\t\t<div class=\"elementor-element elementor-element-24f9512 e-flex e-con-boxed e-con e-parent\" data-id=\"24f9512\" data-element_type=\"container\">\n\t\t\t\t\t<div class=\"e-con-inner\">\n\t\t\t\t<div class=\"elementor-element elementor-element-d881b4c elementor-widget elementor-widget-heading\" data-id=\"d881b4c\" data-element_type=\"widget\" data-widget_type=\"heading.default\">\n\t\t\t\t<div class=\"elementor-widget-container\">\n\t\t\t\t\t<h2 class=\"elementor-heading-title elementor-size-default\">PE\u010cOVATELSK\u00c1 SLU\u017dBA<\/h2>\t\t\t\t<\/div>\n\t\t\t\t<\/div>\n\t\t\t\t\t<\/div>\n\t\t\t\t<\/div>\n\t\t<div class=\"elementor-element elementor-element-5522e7c e-flex e-con-boxed e-con e-parent\" data-id=\"5522e7c\" data-element_type=\"container\">\n\t\t\t\t\t<div class=\"e-con-inner\">\n\t\t\t\t<div class=\"elementor-element elementor-element-069c84e elementor-widget elementor-widget-text-editor\" data-id=\"069c84e\" data-element_type=\"widget\" data-widget_type=\"text-editor.default\">\n\t\t\t\t<div class=\"elementor-widget-container\">\n\t\t\t\t\t\t\t\t\t<p style=\"text-align: center;\">Adresa: S\u00e1mova 7, 101 00 Praha 10 &#8211; Vr\u0161ovice<\/p><p style=\"text-align: center;\">Telefon: 277 011\u00a0717, 271 748 551<\/p>\t\t\t\t\t\t\t\t<\/div>\n\t\t\t\t<\/div>\n\t\t\t\t<div class=\"elementor-element elementor-element-8603f5f elementor-widget elementor-widget-google_maps\" data-id=\"8603f5f\" data-element_type=\"widget\" data-widget_type=\"google_maps.default\">\n\t\t\t\t<div class=\"elementor-widget-container\">\n\t\t\t\t\t\t\t<div class=\"elementor-custom-embed\">\n\t\t\t<iframe loading=\"lazy\"\n\t\t\t\t\tsrc=\"https:\/\/maps.google.com\/maps?q=S%C3%A1mova%207%2C%20101%2000%20Praha%2010%20-%20Vr%C5%A1ovice&#038;t=m&#038;z=15&#038;output=embed&#038;iwloc=near\"\n\t\t\t\t\ttitle=\"S\u00e1mova 7, 101 00 Praha 10 - Vr\u0161ovice\"\n\t\t\t\t\taria-label=\"S\u00e1mova 7, 101 00 Praha 10 - Vr\u0161ovice\"\n\t\t\t><\/iframe>\n\t\t<\/div>\n\t\t\t\t\t\t<\/div>\n\t\t\t\t<\/div>\n\t\t\t\t<div class=\"elementor-element elementor-element-d681998 elementor-widget elementor-widget-text-editor\" data-id=\"d681998\" data-element_type=\"widget\" data-widget_type=\"text-editor.default\">\n\t\t\t\t<div class=\"elementor-widget-container\">\n\t\t\t\t\t\t\t\t\t<p style=\"text-align: center;\"><strong>&nbsp;<\/strong><strong>Kontakty pro z\u00e1jemce nebo u\u017eivatele pe\u010dovatelsk\u00e9 slu\u017eby:<\/strong><\/p>\n<p style=\"text-align: center;\"><strong>Vedouc\u00ed okrsku \u010d. 1 \u2013 pro D\u016fm spokojen\u00e9ho \u017eit\u00ed<\/strong><\/p>\n<p style=\"text-align: center;\">Bc. Vendula Je\u017ekov\u00e1, DiS.<\/p>\n<p style=\"text-align: center;\">tel.: 272 173 061<\/p>\n<p style=\"text-align: center;\">e-mail: <a href=\"mailto:vedouciokr1@csop10.cz\">vedouciokr1@csop10.cz<\/a><\/p>\n<p style=\"text-align: center;\"><br><\/p>\n<p style=\"text-align: center;\">\n<\/p><p style=\"text-align: center;\"><strong>Vedouc\u00ed okrsku \u010d. 2 \u2013 pro oblast Zahradn\u00ed M\u011bsto<\/strong><\/p>\n<p style=\"text-align: center;\">Mgr. Jana Reinbergrov\u00e1<\/p>\n<p style=\"text-align: center;\">tel.: 277 011 717<\/p>\n<p style=\"text-align: center;\">e-mail: <a href=\"mailto:vedouciokr2@csop10.cz\">vedouciokr2@csop10.cz<\/a><\/p>\n<p style=\"text-align: center;\"><br><\/p>\n<p style=\"text-align: center;\">\n<\/p><p style=\"text-align: center;\"><strong>Vedouc\u00ed okrsku \u010d. 3 &nbsp;\u2013 pro oblast Stra\u0161nice<\/strong><\/p>\n<p style=\"text-align: center;\">Bc. Krist\u00fdna Prokopov\u00e1, DiS.<\/p>\n<p style=\"text-align: center;\">tel.: 277 011 717<\/p>\n<p style=\"text-align: center;\">e-mail: <a href=\"mailto:vedouciokr3@csop10.cz\">vedouciokr3@csop10.cz<\/a><\/p><p style=\"text-align: center;\"><br><\/p>\n<p style=\"text-align: center;\">\n<\/p><p style=\"text-align: center;\"><strong>Vedouc\u00ed okrsku \u010d. 4 \u2013 pro oblast Vr\u0161ovice<\/strong><\/p>\n<p style=\"text-align: center;\">Bc. Barbora \u0160tochlov\u00e1<\/p>\n<p style=\"text-align: center;\">tel.: 271 748 551<\/p>\n<p style=\"text-align: center;\">e-mail: <a href=\"mailto:vedouciokr4@csop10.cz\">vedouciokr4@csop10.cz<\/a><\/p>\n<p style=\"text-align: center;\"><br><\/p>\n<p style=\"text-align: center;\">\n<\/p><p style=\"text-align: center;\"><strong>Vedouc\u00ed okrsku \u010d. 5 &nbsp;\u2013 pro oblast Male\u0161ice<\/strong><\/p>\n<p style=\"text-align: center;\">tel.: 271 748 551<\/p>\n<p style=\"text-align: center;\">e-mail: <a href=\"mailto:vedouciokr5@csop10.cz\">vedouciokr5@csop10.cz<\/a><\/p>\n<p style=\"text-align: center;\">\n<\/p><p style=\"text-align: center;\"><strong><br><\/strong><\/p>\n<p style=\"text-align: center;\"><strong>Vedouc\u00ed pe\u010dovatelsk\u00e9 slu\u017eby:<\/strong><\/p>\n<p style=\"text-align: center;\">Bc. Dagmar Zahradn\u00edkov\u00e1<\/p>\n<p style=\"text-align: center;\">tel.: 271 745 880<\/p>\n<p style=\"text-align: center;\">e-mail: vedoucips@csop10.cz<\/p>\t\t\t\t\t\t\t\t<\/div>\n\t\t\t\t<\/div>\n\t\t\t\t\t<\/div>\n\t\t\t\t<\/div>\n\t\t\t\t<\/div>\n\t\t","protected":false},"excerpt":{"rendered":"<p>PE\u010cOVATELSK\u00c1 SLU\u017dBA Adresa: S\u00e1mova 7, 101 00 Praha 10 &#8211; Vr\u0161ovice Telefon: 277 011\u00a0717, 271 748 551 &nbsp;Kontakty pro z\u00e1jemce nebo u\u017eivatele pe\u010dovatelsk\u00e9 slu\u017eby: Vedouc\u00ed okrsku \u010d. 1 \u2013 pro D\u016fm spokojen\u00e9ho \u017eit\u00ed Bc. Vendula Je\u017ekov\u00e1, DiS. tel.: 272 173 061 e-mail: vedouciokr1@csop10.cz Vedouc\u00ed okrsku \u010d. 2 \u2013 pro oblast Zahradn\u00ed M\u011bsto Mgr. Jana Reinbergrov\u00e1 [&hellip;]<\/p>\n","protected":false},"author":1,"featured_media":0,"parent":0,"menu_order":0,"comment_status":"closed","ping_status":"closed","template":"","meta":{"footnotes":""},"class_list":["post-1002","page","type-page","status-publish","hentry"],"_links":{"self":[{"href":"https:\/\/csop10.bedesign.cz\/csop10\/wp-json\/wp\/v2\/pages\/1002","targetHints":{"allow":["GET"]}}],"collection":[{"href":"https:\/\/csop10.bedesign.cz\/csop10\/wp-json\/wp\/v2\/pages"}],"about":[{"href":"https:\/\/csop10.bedesign.cz\/csop10\/wp-json\/wp\/v2\/types\/page"}],"author":[{"embeddable":true,"href":"https:\/\/csop10.bedesign.cz\/csop10\/wp-json\/wp\/v2\/users\/1"}],"replies":[{"embeddable":true,"href":"https:\/\/csop10.bedesign.cz\/csop10\/wp-json\/wp\/v2\/comments?post=1002"}],"version-history":[{"count":22,"href":"https:\/\/csop10.bedesign.cz\/csop10\/wp-json\/wp\/v2\/pages\/1002\/revisions"}],"predecessor-version":[{"id":1438,"href":"https:\/\/csop10.bedesign.cz\/csop10\/wp-json\/wp\/v2\/pages\/1002\/revisions\/1438"}],"wp:attachment":[{"href":"https:\/\/csop10.bedesign.cz\/csop10\/wp-json\/wp\/v2\/media?parent=1002"}],"curies":[{"name":"wp","href":"https:\/\/api.w.org\/{rel}","templated":true}]}}